{"id":5303,"date":"2025-08-05T05:37:37","date_gmt":"2025-08-05T05:37:37","guid":{"rendered":"https:\/\/hirancher.com\/?post_type=product&#038;p=5303"},"modified":"2025-08-05T06:10:20","modified_gmt":"2025-08-05T06:10:20","slug":"vt-xl-sr","status":"publish","type":"product","link":"https:\/\/hirancher.com\/pt\/shop\/vt-xl-sr\/","title":{"rendered":"VT-XL-SR"},"content":{"rendered":"<p>A etiqueta auricular quadrada para bovinos VT-XL-SR possui uma etiqueta macho quadrada extragrande que cont\u00e9m a informa\u00e7\u00e3o visual e um fecho f\u00eamea redondo interior. Ideal para explora\u00e7\u00f5es que exigem visibilidade de dados virada para tr\u00e1s, a etiqueta \u00e9 dur\u00e1vel e segura, proporcionando uma solu\u00e7\u00e3o fi\u00e1vel para a identifica\u00e7\u00e3o intensiva de gado.<\/p>\n<h4>Funcionalidades<\/h4>\n<ul>\n<li>XL Quadrado Masculino + Redondo Feminino<\/li>\n<\/ul>\n<p>Estrutura invertida com grandes dados visuais<\/p>\n<ul>\n<li>Design de reten\u00e7\u00e3o forte<\/li>\n<\/ul>\n<p>Excelente fixa\u00e7\u00e3o e desempenho \u00e0 prova de viola\u00e7\u00e3o<\/p>\n<ul>\n<li>Visibilidade Dupla Face<\/li>\n<\/ul>\n<p>Facilmente identific\u00e1vel de ambos os lados do animal<\/p>\n<ul>\n<li>Marca\u00e7\u00e3o a laser personalizada suportada<\/li>\n<\/ul>\n<p>Log\u00f3tipos, n\u00fameros, c\u00f3digos de barras ou c\u00f3digos de s\u00e9rie<\/p>\n<h4>Aplica\u00e7\u00f5es<\/h4>\n<ul>\n<li>Identifica\u00e7\u00e3o visual por tr\u00e1s durante as inspe\u00e7\u00f5es de veda\u00e7\u00f5es<\/li>\n<li>Exporta\u00e7\u00e3o ou transporte de gado que exija marca\u00e7\u00f5es na parte traseira<\/li>\n<li>Marca personalizada ou testes de campo visual<\/li>\n<\/ul>\n<h4>Perguntas frequentes<\/h4>\n<ul>\n<li>Qual o aplicador de etiquetas que preciso?<\/li>\n<\/ul>\n<p>S\u00e3o compat\u00edveis com a maioria dos aplicadores de brincos de duas pe\u00e7as. Recomendamos testar com o nosso alicate correspondente para obter melhores resultados.<\/p>\n<ul>\n<li>Fa\u00e7a o gado quadrado <a href=\"https:\/\/hirancher.com\/pt\/shop\/eid-tag\/\">etiqueta de orelha<\/a> trabalhar a temperaturas extremas?<\/li>\n<\/ul>\n<p>Sim. O material TPU tem um bom desempenho em climas frios e quentes, resistindo a fissuras e deforma\u00e7\u00f5es.<\/p>","protected":false},"excerpt":{"rendered":"<ul>\n<li>Material: TPU<\/li>\n<li>Suporta at\u00e9 280N de tens\u00e3o<\/li>\n<li>Taxa de perda de etiquetas \u22642%<\/li>\n<\/ul>","protected":false},"featured_media":5300,"comment_status":"open","ping_status":"closed","template":"","meta":{"product_extra_description":"<ul>\r\n \t<li>XL Square Male + Round Female<\/li>\r\n \t<li>Strong Retention Design<\/li>\r\n \t<li>Double-sided Visibility<\/li>\r\n \t<li>Custom Laser Marking Supported<\/li>\r\n<\/ul>","product_overview":"<ul>\r\n \t<li>Material\uff1aTPU<\/li>\r\n \t<li>Withstands up to 280N tension<\/li>\r\n \t<li>Tag loss rate \u22642%<\/li>\r\n<\/ul>","product_attachment":"Catalog\r\n\r\nManual","product_suitable_for":"Slightly higher friction, suitable for farms with specific needs","product_review":""},"product_brand":[],"product_cat":[306],"product_tag":[],"class_list":{"0":"post-5303","1":"product","2":"type-product","3":"status-publish","4":"has-post-thumbnail","6":"product_cat-ear-tag","8":"first","9":"instock","10":"shipping-taxable","11":"product-type-simple"},"yoast_head":"<!-- This site is optimized with the Yoast SEO plugin v27.3 - https:\/\/yoast.com\/product\/yoast-seo-wordpress\/ -->\n<title>Extra-Large Square Livestock Ear Tag with Double-Sided Visibility<\/title>\n<meta name=\"description\" content=\"Heavy-duty square livestock ear tag with large square male and round female parts. Made from TPU with strong lock and low tag loss.\" \/>\n<meta name=\"robots\" content=\"index, follow, max-snippet:-1, max-image-preview:large, max-video-preview:-1\" \/>\n<link rel=\"canonical\" href=\"https:\/\/hirancher.com\/pt\/shop\/vt-xl-sr\/\" \/>\n<meta property=\"og:locale\" content=\"pt_PT\" \/>\n<meta property=\"og:type\" content=\"article\" \/>\n<meta property=\"og:title\" content=\"Extra-Large Square Livestock Ear Tag with Double-Sided Visibility\" \/>\n<meta property=\"og:description\" content=\"Heavy-duty square livestock ear tag with large square male and round female parts. Made from TPU with strong lock and low tag loss.\" \/>\n<meta property=\"og:url\" content=\"https:\/\/hirancher.com\/pt\/shop\/vt-xl-sr\/\" \/>\n<meta property=\"og:site_name\" content=\"Hirancher\" \/>\n<meta property=\"article:publisher\" content=\"https:\/\/www.facebook.com\/Hirancher\" \/>\n<meta property=\"article:modified_time\" content=\"2025-08-05T06:10:20+00:00\" \/>\n<meta property=\"og:image\" content=\"https:\/\/hirancher.com\/wp-content\/uploads\/2025\/08\/Medium-Male-Tag-Round-Female-Tag.png\" \/>\n\t<meta property=\"og:image:width\" content=\"1000\" \/>\n\t<meta property=\"og:image:height\" content=\"1000\" \/>\n\t<meta property=\"og:image:type\" content=\"image\/png\" \/>\n<meta name=\"twitter:card\" content=\"summary_large_image\" \/>\n<meta name=\"twitter:label1\" content=\"Tempo estimado de leitura\" \/>\n\t<meta name=\"twitter:data1\" content=\"1 minuto\" \/>\n<script type=\"application\/ld+json\" class=\"yoast-schema-graph\">{\"@context\":\"https:\\\/\\\/schema.org\",\"@graph\":[{\"@type\":\"WebPage\",\"@id\":\"https:\\\/\\\/hirancher.com\\\/shop\\\/vt-xl-sr\\\/\",\"url\":\"https:\\\/\\\/hirancher.com\\\/shop\\\/vt-xl-sr\\\/\",\"name\":\"Extra-Large Square Livestock Ear Tag with Double-Sided Visibility\",\"isPartOf\":{\"@id\":\"https:\\\/\\\/hirancher.com\\\/#website\"},\"primaryImageOfPage\":{\"@id\":\"https:\\\/\\\/hirancher.com\\\/shop\\\/vt-xl-sr\\\/#primaryimage\"},\"image\":{\"@id\":\"https:\\\/\\\/hirancher.com\\\/shop\\\/vt-xl-sr\\\/#primaryimage\"},\"thumbnailUrl\":\"https:\\\/\\\/hirancher.com\\\/wp-content\\\/uploads\\\/2025\\\/08\\\/Medium-Male-Tag-Round-Female-Tag.png\",\"datePublished\":\"2025-08-05T05:37:37+00:00\",\"dateModified\":\"2025-08-05T06:10:20+00:00\",\"description\":\"Heavy-duty square livestock ear tag with large square male and round female parts. Made from TPU with strong lock and low tag loss.\",\"breadcrumb\":{\"@id\":\"https:\\\/\\\/hirancher.com\\\/shop\\\/vt-xl-sr\\\/#breadcrumb\"},\"inLanguage\":\"pt-PT\",\"potentialAction\":[{\"@type\":\"ReadAction\",\"target\":[\"https:\\\/\\\/hirancher.com\\\/shop\\\/vt-xl-sr\\\/\"]}]},{\"@type\":\"ImageObject\",\"inLanguage\":\"pt-PT\",\"@id\":\"https:\\\/\\\/hirancher.com\\\/shop\\\/vt-xl-sr\\\/#primaryimage\",\"url\":\"https:\\\/\\\/hirancher.com\\\/wp-content\\\/uploads\\\/2025\\\/08\\\/Medium-Male-Tag-Round-Female-Tag.png\",\"contentUrl\":\"https:\\\/\\\/hirancher.com\\\/wp-content\\\/uploads\\\/2025\\\/08\\\/Medium-Male-Tag-Round-Female-Tag.png\",\"width\":1000,\"height\":1000,\"caption\":\"square livestock ear tag\"},{\"@type\":\"BreadcrumbList\",\"@id\":\"https:\\\/\\\/hirancher.com\\\/shop\\\/vt-xl-sr\\\/#breadcrumb\",\"itemListElement\":[{\"@type\":\"ListItem\",\"position\":1,\"name\":\"\u9996\u9875\",\"item\":\"https:\\\/\\\/hirancher.com\\\/\"},{\"@type\":\"ListItem\",\"position\":2,\"name\":\"Shop\",\"item\":\"https:\\\/\\\/hirancher.com\\\/shop\\\/\"},{\"@type\":\"ListItem\",\"position\":3,\"name\":\"VT-XL-SR\"}]},{\"@type\":\"WebSite\",\"@id\":\"https:\\\/\\\/hirancher.com\\\/#website\",\"url\":\"https:\\\/\\\/hirancher.com\\\/\",\"name\":\"Hirancher\",\"description\":\"Smart Livestock Management System\",\"publisher\":{\"@id\":\"https:\\\/\\\/hirancher.com\\\/#organization\"},\"potentialAction\":[{\"@type\":\"SearchAction\",\"target\":{\"@type\":\"EntryPoint\",\"urlTemplate\":\"https:\\\/\\\/hirancher.com\\\/?s={search_term_string}\"},\"query-input\":{\"@type\":\"PropertyValueSpecification\",\"valueRequired\":true,\"valueName\":\"search_term_string\"}}],\"inLanguage\":\"pt-PT\"},{\"@type\":\"Organization\",\"@id\":\"https:\\\/\\\/hirancher.com\\\/#organization\",\"name\":\"Hirancher\",\"url\":\"https:\\\/\\\/hirancher.com\\\/\",\"logo\":{\"@type\":\"ImageObject\",\"inLanguage\":\"pt-PT\",\"@id\":\"https:\\\/\\\/hirancher.com\\\/#\\\/schema\\\/logo\\\/image\\\/\",\"url\":\"https:\\\/\\\/hirancher.com\\\/wp-content\\\/uploads\\\/2025\\\/06\\\/\u5fae\u4fe1\u56fe\u7247_20250617164751.png\",\"contentUrl\":\"https:\\\/\\\/hirancher.com\\\/wp-content\\\/uploads\\\/2025\\\/06\\\/\u5fae\u4fe1\u56fe\u7247_20250617164751.png\",\"width\":853,\"height\":132,\"caption\":\"Hirancher\"},\"image\":{\"@id\":\"https:\\\/\\\/hirancher.com\\\/#\\\/schema\\\/logo\\\/image\\\/\"},\"sameAs\":[\"https:\\\/\\\/www.facebook.com\\\/Hirancher\",\"https:\\\/\\\/www.youtube.com\\\/@hirancher\",\"https:\\\/\\\/www.linkedin.com\\\/company\\\/hirancher\\\/\"]}]}<\/script>\n<!-- \/ Yoast SEO plugin. -->","yoast_head_json":{"title":"Extra-Large Square Livestock Ear Tag with Double-Sided Visibility","description":"Heavy-duty square livestock ear tag with large square male and round female parts. Made from TPU with strong lock and low tag loss.","robots":{"index":"index","follow":"follow","max-snippet":"max-snippet:-1","max-image-preview":"max-image-preview:large","max-video-preview":"max-video-preview:-1"},"canonical":"https:\/\/hirancher.com\/pt\/shop\/vt-xl-sr\/","og_locale":"pt_PT","og_type":"article","og_title":"Extra-Large Square Livestock Ear Tag with Double-Sided Visibility","og_description":"Heavy-duty square livestock ear tag with large square male and round female parts. Made from TPU with strong lock and low tag loss.","og_url":"https:\/\/hirancher.com\/pt\/shop\/vt-xl-sr\/","og_site_name":"Hirancher","article_publisher":"https:\/\/www.facebook.com\/Hirancher","article_modified_time":"2025-08-05T06:10:20+00:00","og_image":[{"width":1000,"height":1000,"url":"https:\/\/hirancher.com\/wp-content\/uploads\/2025\/08\/Medium-Male-Tag-Round-Female-Tag.png","type":"image\/png"}],"twitter_card":"summary_large_image","twitter_misc":{"Tempo estimado de leitura":"1 minuto"},"schema":{"@context":"https:\/\/schema.org","@graph":[{"@type":"WebPage","@id":"https:\/\/hirancher.com\/shop\/vt-xl-sr\/","url":"https:\/\/hirancher.com\/shop\/vt-xl-sr\/","name":"Extra-Large Square Livestock Ear Tag with Double-Sided Visibility","isPartOf":{"@id":"https:\/\/hirancher.com\/#website"},"primaryImageOfPage":{"@id":"https:\/\/hirancher.com\/shop\/vt-xl-sr\/#primaryimage"},"image":{"@id":"https:\/\/hirancher.com\/shop\/vt-xl-sr\/#primaryimage"},"thumbnailUrl":"https:\/\/hirancher.com\/wp-content\/uploads\/2025\/08\/Medium-Male-Tag-Round-Female-Tag.png","datePublished":"2025-08-05T05:37:37+00:00","dateModified":"2025-08-05T06:10:20+00:00","description":"Heavy-duty square livestock ear tag with large square male and round female parts. Made from TPU with strong lock and low tag loss.","breadcrumb":{"@id":"https:\/\/hirancher.com\/shop\/vt-xl-sr\/#breadcrumb"},"inLanguage":"pt-PT","potentialAction":[{"@type":"ReadAction","target":["https:\/\/hirancher.com\/shop\/vt-xl-sr\/"]}]},{"@type":"ImageObject","inLanguage":"pt-PT","@id":"https:\/\/hirancher.com\/shop\/vt-xl-sr\/#primaryimage","url":"https:\/\/hirancher.com\/wp-content\/uploads\/2025\/08\/Medium-Male-Tag-Round-Female-Tag.png","contentUrl":"https:\/\/hirancher.com\/wp-content\/uploads\/2025\/08\/Medium-Male-Tag-Round-Female-Tag.png","width":1000,"height":1000,"caption":"square livestock ear tag"},{"@type":"BreadcrumbList","@id":"https:\/\/hirancher.com\/shop\/vt-xl-sr\/#breadcrumb","itemListElement":[{"@type":"ListItem","position":1,"name":"\u9996\u9875","item":"https:\/\/hirancher.com\/"},{"@type":"ListItem","position":2,"name":"Shop","item":"https:\/\/hirancher.com\/shop\/"},{"@type":"ListItem","position":3,"name":"VT-XL-SR"}]},{"@type":"WebSite","@id":"https:\/\/hirancher.com\/#website","url":"https:\/\/hirancher.com\/","name":"Hirancher","description":"Smart Livestock Management System","publisher":{"@id":"https:\/\/hirancher.com\/#organization"},"potentialAction":[{"@type":"SearchAction","target":{"@type":"EntryPoint","urlTemplate":"https:\/\/hirancher.com\/?s={search_term_string}"},"query-input":{"@type":"PropertyValueSpecification","valueRequired":true,"valueName":"search_term_string"}}],"inLanguage":"pt-PT"},{"@type":"Organization","@id":"https:\/\/hirancher.com\/#organization","name":"Hirancher","url":"https:\/\/hirancher.com\/","logo":{"@type":"ImageObject","inLanguage":"pt-PT","@id":"https:\/\/hirancher.com\/#\/schema\/logo\/image\/","url":"https:\/\/hirancher.com\/wp-content\/uploads\/2025\/06\/\u5fae\u4fe1\u56fe\u7247_20250617164751.png","contentUrl":"https:\/\/hirancher.com\/wp-content\/uploads\/2025\/06\/\u5fae\u4fe1\u56fe\u7247_20250617164751.png","width":853,"height":132,"caption":"Hirancher"},"image":{"@id":"https:\/\/hirancher.com\/#\/schema\/logo\/image\/"},"sameAs":["https:\/\/www.facebook.com\/Hirancher","https:\/\/www.youtube.com\/@hirancher","https:\/\/www.linkedin.com\/company\/hirancher\/"]}]}},"_links":{"self":[{"href":"https:\/\/hirancher.com\/pt\/wp-json\/wp\/v2\/product\/5303","targetHints":{"allow":["GET"]}}],"collection":[{"href":"https:\/\/hirancher.com\/pt\/wp-json\/wp\/v2\/product"}],"about":[{"href":"https:\/\/hirancher.com\/pt\/wp-json\/wp\/v2\/types\/product"}],"replies":[{"embeddable":true,"href":"https:\/\/hirancher.com\/pt\/wp-json\/wp\/v2\/comments?post=5303"}],"wp:featuredmedia":[{"embeddable":true,"href":"https:\/\/hirancher.com\/pt\/wp-json\/wp\/v2\/media\/5300"}],"wp:attachment":[{"href":"https:\/\/hirancher.com\/pt\/wp-json\/wp\/v2\/media?parent=5303"}],"wp:term":[{"taxonomy":"product_brand","embeddable":true,"href":"https:\/\/hirancher.com\/pt\/wp-json\/wp\/v2\/product_brand?post=5303"},{"taxonomy":"product_cat","embeddable":true,"href":"https:\/\/hirancher.com\/pt\/wp-json\/wp\/v2\/product_cat?post=5303"},{"taxonomy":"product_tag","embeddable":true,"href":"https:\/\/hirancher.com\/pt\/wp-json\/wp\/v2\/product_tag?post=5303"}],"curies":[{"name":"wp","href":"https:\/\/api.w.org\/{rel}","templated":true}]}}