{"id":5303,"date":"2025-08-05T05:37:37","date_gmt":"2025-08-05T05:37:37","guid":{"rendered":"https:\/\/hirancher.com\/?post_type=product&#038;p=5303"},"modified":"2025-08-05T06:10:20","modified_gmt":"2025-08-05T06:10:20","slug":"vt-xl-sr","status":"publish","type":"product","link":"https:\/\/hirancher.com\/fr\/shop\/vt-xl-sr\/","title":{"rendered":"VT-XL-SR"},"content":{"rendered":"<p>La boucle d'oreille carr\u00e9e pour b\u00e9tail VT-XL-SR est dot\u00e9e d'une boucle m\u00e2le carr\u00e9e extra-large contenant les informations visuelles et d'un fermoir femelle rond \u00e0 l'int\u00e9rieur. Id\u00e9ale pour les exploitations n\u00e9cessitant une visibilit\u00e9 arri\u00e8re des donn\u00e9es, cette boucle est durable et s\u00e9curis\u00e9e, offrant une solution fiable pour l'identification intensive du b\u00e9tail.<\/p>\n<h4>Caract\u00e9ristiques<\/h4>\n<ul>\n<li>XL Carr\u00e9 M\u00e2le + Rond Femelle<\/li>\n<\/ul>\n<p>Structure invers\u00e9e avec de grandes donn\u00e9es visuelles<\/p>\n<ul>\n<li>Conception \u00e0 forte r\u00e9tention<\/li>\n<\/ul>\n<p>Excellente tenue et performance inviolable<\/p>\n<ul>\n<li>Visibilit\u00e9 double face<\/li>\n<\/ul>\n<p>Facilement identifiable des deux c\u00f4t\u00e9s de l'animal<\/p>\n<ul>\n<li>Marquage laser personnalis\u00e9 pris en charge<\/li>\n<\/ul>\n<p>Logos, num\u00e9ros, codes-barres ou codes de s\u00e9rie<\/p>\n<h4>Applications<\/h4>\n<ul>\n<li>Identification visuelle par derri\u00e8re lors des inspections de cl\u00f4tures<\/li>\n<li>Exportation ou transport de b\u00e9tail n\u00e9cessitant un marquage arri\u00e8re<\/li>\n<li>Essais de marque personnalis\u00e9s ou sur le terrain visuel<\/li>\n<\/ul>\n<h4>FAQ<\/h4>\n<ul>\n<li>De quel applicateur d'\u00e9tiquettes ai-je besoin ?<\/li>\n<\/ul>\n<p>Ils sont compatibles avec la plupart des applicateurs d'\u00e9tiquettes auriculaires en deux parties. Pour un r\u00e9sultat optimal, nous vous recommandons de tester avec notre pince correspondante.<\/p>\n<ul>\n<li>Faire le carr\u00e9 du b\u00e9tail <a href=\"https:\/\/hirancher.com\/fr\/shop\/eid-tag\/\">\u00e9tiquette d'oreille<\/a> travailler dans des temp\u00e9ratures extr\u00eames ?<\/li>\n<\/ul>\n<p>Oui. Le mat\u00e9riau TPU fonctionne bien dans les climats froids et chauds, r\u00e9sistant aux fissures et \u00e0 la d\u00e9formation.<\/p>","protected":false},"excerpt":{"rendered":"<ul>\n<li>Mat\u00e9riau : TPU<\/li>\n<li>R\u00e9siste \u00e0 une tension allant jusqu'\u00e0 280 N<\/li>\n<li>Taux de perte d'\u00e9tiquettes \u2264 2 %<\/li>\n<\/ul>","protected":false},"featured_media":5300,"comment_status":"open","ping_status":"closed","template":"","meta":{"product_extra_description":"<ul>\r\n \t<li>XL Square Male + Round Female<\/li>\r\n \t<li>Strong Retention Design<\/li>\r\n \t<li>Double-sided Visibility<\/li>\r\n \t<li>Custom Laser Marking Supported<\/li>\r\n<\/ul>","product_overview":"<ul>\r\n \t<li>Material\uff1aTPU<\/li>\r\n \t<li>Withstands up to 280N tension<\/li>\r\n \t<li>Tag loss rate \u22642%<\/li>\r\n<\/ul>","product_attachment":"Catalog\r\n\r\nManual","product_suitable_for":"Slightly higher friction, suitable for farms with specific needs","product_review":""},"product_brand":[],"product_cat":[306],"product_tag":[],"class_list":{"0":"post-5303","1":"product","2":"type-product","3":"status-publish","4":"has-post-thumbnail","6":"product_cat-ear-tag","8":"first","9":"instock","10":"shipping-taxable","11":"product-type-simple"},"yoast_head":"<!-- This site is optimized with the Yoast SEO plugin v27.3 - https:\/\/yoast.com\/product\/yoast-seo-wordpress\/ -->\n<title>Extra-Large Square Livestock Ear Tag with Double-Sided Visibility<\/title>\n<meta name=\"description\" content=\"Heavy-duty square livestock ear tag with large square male and round female parts. Made from TPU with strong lock and low tag loss.\" \/>\n<meta name=\"robots\" content=\"index, follow, max-snippet:-1, max-image-preview:large, max-video-preview:-1\" \/>\n<link rel=\"canonical\" href=\"https:\/\/hirancher.com\/fr\/shop\/vt-xl-sr\/\" \/>\n<meta property=\"og:locale\" content=\"fr_FR\" \/>\n<meta property=\"og:type\" content=\"article\" \/>\n<meta property=\"og:title\" content=\"Extra-Large Square Livestock Ear Tag with Double-Sided Visibility\" \/>\n<meta property=\"og:description\" content=\"Heavy-duty square livestock ear tag with large square male and round female parts. Made from TPU with strong lock and low tag loss.\" \/>\n<meta property=\"og:url\" content=\"https:\/\/hirancher.com\/fr\/shop\/vt-xl-sr\/\" \/>\n<meta property=\"og:site_name\" content=\"Hirancher\" \/>\n<meta property=\"article:publisher\" content=\"https:\/\/www.facebook.com\/Hirancher\" \/>\n<meta property=\"article:modified_time\" content=\"2025-08-05T06:10:20+00:00\" \/>\n<meta property=\"og:image\" content=\"https:\/\/hirancher.com\/wp-content\/uploads\/2025\/08\/Medium-Male-Tag-Round-Female-Tag.png\" \/>\n\t<meta property=\"og:image:width\" content=\"1000\" \/>\n\t<meta property=\"og:image:height\" content=\"1000\" \/>\n\t<meta property=\"og:image:type\" content=\"image\/png\" \/>\n<meta name=\"twitter:card\" content=\"summary_large_image\" \/>\n<meta name=\"twitter:label1\" content=\"Dur\u00e9e de lecture estim\u00e9e\" \/>\n\t<meta name=\"twitter:data1\" content=\"1 minute\" \/>\n<script type=\"application\/ld+json\" class=\"yoast-schema-graph\">{\"@context\":\"https:\\\/\\\/schema.org\",\"@graph\":[{\"@type\":\"WebPage\",\"@id\":\"https:\\\/\\\/hirancher.com\\\/shop\\\/vt-xl-sr\\\/\",\"url\":\"https:\\\/\\\/hirancher.com\\\/shop\\\/vt-xl-sr\\\/\",\"name\":\"Extra-Large Square Livestock Ear Tag with Double-Sided Visibility\",\"isPartOf\":{\"@id\":\"https:\\\/\\\/hirancher.com\\\/#website\"},\"primaryImageOfPage\":{\"@id\":\"https:\\\/\\\/hirancher.com\\\/shop\\\/vt-xl-sr\\\/#primaryimage\"},\"image\":{\"@id\":\"https:\\\/\\\/hirancher.com\\\/shop\\\/vt-xl-sr\\\/#primaryimage\"},\"thumbnailUrl\":\"https:\\\/\\\/hirancher.com\\\/wp-content\\\/uploads\\\/2025\\\/08\\\/Medium-Male-Tag-Round-Female-Tag.png\",\"datePublished\":\"2025-08-05T05:37:37+00:00\",\"dateModified\":\"2025-08-05T06:10:20+00:00\",\"description\":\"Heavy-duty square livestock ear tag with large square male and round female parts. Made from TPU with strong lock and low tag loss.\",\"breadcrumb\":{\"@id\":\"https:\\\/\\\/hirancher.com\\\/shop\\\/vt-xl-sr\\\/#breadcrumb\"},\"inLanguage\":\"fr-FR\",\"potentialAction\":[{\"@type\":\"ReadAction\",\"target\":[\"https:\\\/\\\/hirancher.com\\\/shop\\\/vt-xl-sr\\\/\"]}]},{\"@type\":\"ImageObject\",\"inLanguage\":\"fr-FR\",\"@id\":\"https:\\\/\\\/hirancher.com\\\/shop\\\/vt-xl-sr\\\/#primaryimage\",\"url\":\"https:\\\/\\\/hirancher.com\\\/wp-content\\\/uploads\\\/2025\\\/08\\\/Medium-Male-Tag-Round-Female-Tag.png\",\"contentUrl\":\"https:\\\/\\\/hirancher.com\\\/wp-content\\\/uploads\\\/2025\\\/08\\\/Medium-Male-Tag-Round-Female-Tag.png\",\"width\":1000,\"height\":1000,\"caption\":\"square livestock ear tag\"},{\"@type\":\"BreadcrumbList\",\"@id\":\"https:\\\/\\\/hirancher.com\\\/shop\\\/vt-xl-sr\\\/#breadcrumb\",\"itemListElement\":[{\"@type\":\"ListItem\",\"position\":1,\"name\":\"\u9996\u9875\",\"item\":\"https:\\\/\\\/hirancher.com\\\/\"},{\"@type\":\"ListItem\",\"position\":2,\"name\":\"Shop\",\"item\":\"https:\\\/\\\/hirancher.com\\\/shop\\\/\"},{\"@type\":\"ListItem\",\"position\":3,\"name\":\"VT-XL-SR\"}]},{\"@type\":\"WebSite\",\"@id\":\"https:\\\/\\\/hirancher.com\\\/#website\",\"url\":\"https:\\\/\\\/hirancher.com\\\/\",\"name\":\"Hirancher\",\"description\":\"Smart Livestock Management System\",\"publisher\":{\"@id\":\"https:\\\/\\\/hirancher.com\\\/#organization\"},\"potentialAction\":[{\"@type\":\"SearchAction\",\"target\":{\"@type\":\"EntryPoint\",\"urlTemplate\":\"https:\\\/\\\/hirancher.com\\\/?s={search_term_string}\"},\"query-input\":{\"@type\":\"PropertyValueSpecification\",\"valueRequired\":true,\"valueName\":\"search_term_string\"}}],\"inLanguage\":\"fr-FR\"},{\"@type\":\"Organization\",\"@id\":\"https:\\\/\\\/hirancher.com\\\/#organization\",\"name\":\"Hirancher\",\"url\":\"https:\\\/\\\/hirancher.com\\\/\",\"logo\":{\"@type\":\"ImageObject\",\"inLanguage\":\"fr-FR\",\"@id\":\"https:\\\/\\\/hirancher.com\\\/#\\\/schema\\\/logo\\\/image\\\/\",\"url\":\"https:\\\/\\\/hirancher.com\\\/wp-content\\\/uploads\\\/2025\\\/06\\\/\u5fae\u4fe1\u56fe\u7247_20250617164751.png\",\"contentUrl\":\"https:\\\/\\\/hirancher.com\\\/wp-content\\\/uploads\\\/2025\\\/06\\\/\u5fae\u4fe1\u56fe\u7247_20250617164751.png\",\"width\":853,\"height\":132,\"caption\":\"Hirancher\"},\"image\":{\"@id\":\"https:\\\/\\\/hirancher.com\\\/#\\\/schema\\\/logo\\\/image\\\/\"},\"sameAs\":[\"https:\\\/\\\/www.facebook.com\\\/Hirancher\",\"https:\\\/\\\/www.youtube.com\\\/@hirancher\",\"https:\\\/\\\/www.linkedin.com\\\/company\\\/hirancher\\\/\"]}]}<\/script>\n<!-- \/ Yoast SEO plugin. -->","yoast_head_json":{"title":"Extra-Large Square Livestock Ear Tag with Double-Sided Visibility","description":"Heavy-duty square livestock ear tag with large square male and round female parts. Made from TPU with strong lock and low tag loss.","robots":{"index":"index","follow":"follow","max-snippet":"max-snippet:-1","max-image-preview":"max-image-preview:large","max-video-preview":"max-video-preview:-1"},"canonical":"https:\/\/hirancher.com\/fr\/shop\/vt-xl-sr\/","og_locale":"fr_FR","og_type":"article","og_title":"Extra-Large Square Livestock Ear Tag with Double-Sided Visibility","og_description":"Heavy-duty square livestock ear tag with large square male and round female parts. Made from TPU with strong lock and low tag loss.","og_url":"https:\/\/hirancher.com\/fr\/shop\/vt-xl-sr\/","og_site_name":"Hirancher","article_publisher":"https:\/\/www.facebook.com\/Hirancher","article_modified_time":"2025-08-05T06:10:20+00:00","og_image":[{"width":1000,"height":1000,"url":"https:\/\/hirancher.com\/wp-content\/uploads\/2025\/08\/Medium-Male-Tag-Round-Female-Tag.png","type":"image\/png"}],"twitter_card":"summary_large_image","twitter_misc":{"Dur\u00e9e de lecture estim\u00e9e":"1 minute"},"schema":{"@context":"https:\/\/schema.org","@graph":[{"@type":"WebPage","@id":"https:\/\/hirancher.com\/shop\/vt-xl-sr\/","url":"https:\/\/hirancher.com\/shop\/vt-xl-sr\/","name":"Extra-Large Square Livestock Ear Tag with Double-Sided Visibility","isPartOf":{"@id":"https:\/\/hirancher.com\/#website"},"primaryImageOfPage":{"@id":"https:\/\/hirancher.com\/shop\/vt-xl-sr\/#primaryimage"},"image":{"@id":"https:\/\/hirancher.com\/shop\/vt-xl-sr\/#primaryimage"},"thumbnailUrl":"https:\/\/hirancher.com\/wp-content\/uploads\/2025\/08\/Medium-Male-Tag-Round-Female-Tag.png","datePublished":"2025-08-05T05:37:37+00:00","dateModified":"2025-08-05T06:10:20+00:00","description":"Heavy-duty square livestock ear tag with large square male and round female parts. Made from TPU with strong lock and low tag loss.","breadcrumb":{"@id":"https:\/\/hirancher.com\/shop\/vt-xl-sr\/#breadcrumb"},"inLanguage":"fr-FR","potentialAction":[{"@type":"ReadAction","target":["https:\/\/hirancher.com\/shop\/vt-xl-sr\/"]}]},{"@type":"ImageObject","inLanguage":"fr-FR","@id":"https:\/\/hirancher.com\/shop\/vt-xl-sr\/#primaryimage","url":"https:\/\/hirancher.com\/wp-content\/uploads\/2025\/08\/Medium-Male-Tag-Round-Female-Tag.png","contentUrl":"https:\/\/hirancher.com\/wp-content\/uploads\/2025\/08\/Medium-Male-Tag-Round-Female-Tag.png","width":1000,"height":1000,"caption":"square livestock ear tag"},{"@type":"BreadcrumbList","@id":"https:\/\/hirancher.com\/shop\/vt-xl-sr\/#breadcrumb","itemListElement":[{"@type":"ListItem","position":1,"name":"\u9996\u9875","item":"https:\/\/hirancher.com\/"},{"@type":"ListItem","position":2,"name":"Shop","item":"https:\/\/hirancher.com\/shop\/"},{"@type":"ListItem","position":3,"name":"VT-XL-SR"}]},{"@type":"WebSite","@id":"https:\/\/hirancher.com\/#website","url":"https:\/\/hirancher.com\/","name":"Hirancher","description":"Smart Livestock Management System","publisher":{"@id":"https:\/\/hirancher.com\/#organization"},"potentialAction":[{"@type":"SearchAction","target":{"@type":"EntryPoint","urlTemplate":"https:\/\/hirancher.com\/?s={search_term_string}"},"query-input":{"@type":"PropertyValueSpecification","valueRequired":true,"valueName":"search_term_string"}}],"inLanguage":"fr-FR"},{"@type":"Organization","@id":"https:\/\/hirancher.com\/#organization","name":"Hirancher","url":"https:\/\/hirancher.com\/","logo":{"@type":"ImageObject","inLanguage":"fr-FR","@id":"https:\/\/hirancher.com\/#\/schema\/logo\/image\/","url":"https:\/\/hirancher.com\/wp-content\/uploads\/2025\/06\/\u5fae\u4fe1\u56fe\u7247_20250617164751.png","contentUrl":"https:\/\/hirancher.com\/wp-content\/uploads\/2025\/06\/\u5fae\u4fe1\u56fe\u7247_20250617164751.png","width":853,"height":132,"caption":"Hirancher"},"image":{"@id":"https:\/\/hirancher.com\/#\/schema\/logo\/image\/"},"sameAs":["https:\/\/www.facebook.com\/Hirancher","https:\/\/www.youtube.com\/@hirancher","https:\/\/www.linkedin.com\/company\/hirancher\/"]}]}},"_links":{"self":[{"href":"https:\/\/hirancher.com\/fr\/wp-json\/wp\/v2\/product\/5303","targetHints":{"allow":["GET"]}}],"collection":[{"href":"https:\/\/hirancher.com\/fr\/wp-json\/wp\/v2\/product"}],"about":[{"href":"https:\/\/hirancher.com\/fr\/wp-json\/wp\/v2\/types\/product"}],"replies":[{"embeddable":true,"href":"https:\/\/hirancher.com\/fr\/wp-json\/wp\/v2\/comments?post=5303"}],"wp:featuredmedia":[{"embeddable":true,"href":"https:\/\/hirancher.com\/fr\/wp-json\/wp\/v2\/media\/5300"}],"wp:attachment":[{"href":"https:\/\/hirancher.com\/fr\/wp-json\/wp\/v2\/media?parent=5303"}],"wp:term":[{"taxonomy":"product_brand","embeddable":true,"href":"https:\/\/hirancher.com\/fr\/wp-json\/wp\/v2\/product_brand?post=5303"},{"taxonomy":"product_cat","embeddable":true,"href":"https:\/\/hirancher.com\/fr\/wp-json\/wp\/v2\/product_cat?post=5303"},{"taxonomy":"product_tag","embeddable":true,"href":"https:\/\/hirancher.com\/fr\/wp-json\/wp\/v2\/product_tag?post=5303"}],"curies":[{"name":"wp","href":"https:\/\/api.w.org\/{rel}","templated":true}]}}