{"id":4385,"date":"2025-07-01T09:55:11","date_gmt":"2025-07-01T09:55:11","guid":{"rendered":"https:\/\/deeppink-lobster-324632.hostingersite.com\/?post_type=product&#038;p=4385"},"modified":"2025-11-27T08:46:43","modified_gmt":"2025-11-27T08:46:43","slug":"abt","status":"publish","type":"product","link":"https:\/\/hirancher.com\/fr\/shop\/abt\/","title":{"rendered":"ABT"},"content":{"rendered":"<p><span class=\"jCAhz ChMk0b\"><span class=\"ryNqvb\">Structure tubulaire, con\u00e7ue pour les environnements extr\u00eames.<\/span><\/span> La barre de pes\u00e9e pour b\u00e9tail ABT est dot\u00e9e d'un mat\u00e9riau galvanis\u00e9 \u00e0 chaud<span class=\"jCAhz ChMk0b\"><span class=\"ryNqvb\">\u00a0et la structure enti\u00e8rement ferm\u00e9e garantissent une durabilit\u00e9 \u00e0 long terme contre l'humidit\u00e9, la boue, la corrosion et les fluctuations de temp\u00e9rature.<\/span><\/span><\/p>\n<p>The ABT <strong>barres de pesage ext\u00e9rieures<\/strong> are purpose-designed for farmers, contractors and processors who need accurate weighing in wet, muddy or corrosive environments. With a fully enclosed tubular housing, stainless cable protection and options up to 5,000 kg capacity, ABT bars deliver dependable readings in coastal farms, open yards, mobile trailers and slaughterhouse settings.As a trusted <a href=\"https:\/\/hirancher.com\/fr\/load-bars\/\"><strong data-start=\"396\" data-end=\"432\">livestock load bars manufacturer<\/strong><\/a>, we ensure each unit is engineered for durability, precision, and long-term reliability under the toughest agricultural conditions.<\/p>\n<h3>Why ABT is a sensible choice for outdoor use<\/h3>\n<ul>\n<li>Engineered for exposure: Hot-dip galvanized tubular housing and sealed construction resist corrosion, mud and temperature swings \u2014 so your load bars last longer in the elements.<\/li>\n<li>Protected wiring: Stainless-steel spring cover over the cable prevents abrasion and rodent damage common on outdoor sites.<\/li>\n<li>Practical lengths &amp; capacities: Choose from 400 \/ 600 \/ 800 \/ 1000 mm lengths and 2,000\u20135,000 kg capacities to suit chutes, platforms and mobile weighing rigs.<\/li>\n<li>Plug-and-weigh compatibility: Designed to work with most indicators \u2014 simple installation and fast commissioning reduce downtime.<\/li>\n<li>Low maintenance, repeatable results: Robust build reduces service calls and gives consistent, repeatable readings under repeated load.<\/li>\n<\/ul>\n<h3>Caract\u00e9ristiques<\/h3>\n<ul>\n<li>Bo\u00eetier tubulaire scell\u00e9 galvanis\u00e9 \u00e0 chaud<\/li>\n<li>Capacit\u00e9 lourde jusqu'\u00e0 3 000 kg, 5 000 kg en option<\/li>\n<li>Quatre longueurs : 400 mm, 600 mm, 800 mm, 1000 mm<\/li>\n<li>Personnalisation de la longueur du support<\/li>\n<li>C\u00e2ble avec couvercle \u00e0 ressort en acier inoxydable<\/li>\n<li>Cellule de charge exclusivement personnalis\u00e9e<\/li>\n<li>Il y a quatre trous de fixation sur la plaque de base (peut \u00eatre install\u00e9 temporairement ou d\u00e9finitivement)<\/li>\n<li>Compatible avec la plupart des indicateurs et aucun \u00e9talonnage requis<\/li>\n<li>Con\u00e7u pour les conditions agricoles difficiles<\/li>\n<\/ul>\n<h3>Sc\u00e9narios d'application<\/h3>\n<ul>\n<li data-start=\"997\" data-end=\"1035\">Fermes c\u00f4ti\u00e8res ou zones \u00e0 forte humidit\u00e9<\/li>\n<li data-start=\"997\" data-end=\"1035\">Manipulation de bovins ou de moutons en ext\u00e9rieur par temps extr\u00eame<\/li>\n<li data-start=\"997\" data-end=\"1035\">Abattoir ou installations de transformation d'animaux<\/li>\n<li data-start=\"997\" data-end=\"1035\">Pesage mobile dans des conditions pluvieuses, boueuses ou poussi\u00e9reuses<\/li>\n<li data-start=\"997\" data-end=\"1035\">Installations \u00e0 long terme dans des parcs \u00e0 ciel ouvert ou des parcs d'engraissement<\/li>\n<li data-start=\"997\" data-end=\"1035\">Pes\u00e9e en chambre froide ou agriculture en climat chaud (d\u00e9sert, tropiques)<\/li>\n<\/ul>\n<h3>Real-world benefits \u2014 what farmers tell us<\/h3>\n<ul>\n<li>Lower service costs: Protected cables and corrosion-resistant housing reduce repairs.<\/li>\n<li>Faster throughput: Stable, repeatable weighings mean fewer re-weighs and less animal stress.<\/li>\n<li>Flexible deployment: Works equally well in permanent yards or on seasonal mobile rigs.<\/li>\n<\/ul>\n<p><img fetchpriority=\"high\" decoding=\"async\" class=\"alignnone size-medium wp-image-5154\" src=\"https:\/\/hirancher.com\/wp-content\/uploads\/2025\/07\/ABT-DETAILS-2-300x300.jpg\" alt=\"livestock load bar scales\" width=\"300\" height=\"300\" srcset=\"https:\/\/hirancher.com\/wp-content\/uploads\/2025\/07\/ABT-DETAILS-2-300x300.jpg 300w, https:\/\/hirancher.com\/wp-content\/uploads\/2025\/07\/ABT-DETAILS-2-150x150.jpg 150w, https:\/\/hirancher.com\/wp-content\/uploads\/2025\/07\/ABT-DETAILS-2-768x768.jpg 768w, https:\/\/hirancher.com\/wp-content\/uploads\/2025\/07\/ABT-DETAILS-2-550x550.jpg 550w, https:\/\/hirancher.com\/wp-content\/uploads\/2025\/07\/ABT-DETAILS-2-600x600.jpg 600w, https:\/\/hirancher.com\/wp-content\/uploads\/2025\/07\/ABT-DETAILS-2-100x100.jpg 100w, https:\/\/hirancher.com\/wp-content\/uploads\/2025\/07\/ABT-DETAILS-2.jpg 1000w\" sizes=\"(max-width: 300px) 100vw, 300px\" \/> <img decoding=\"async\" class=\"alignnone wp-image-5155\" src=\"https:\/\/hirancher.com\/wp-content\/uploads\/2025\/07\/ABT-DETAILS-1-300x300.jpg\" alt=\"Livestock Scale kit\" width=\"300\" height=\"300\" srcset=\"https:\/\/hirancher.com\/wp-content\/uploads\/2025\/07\/ABT-DETAILS-1-300x300.jpg 300w, https:\/\/hirancher.com\/wp-content\/uploads\/2025\/07\/ABT-DETAILS-1-150x150.jpg 150w, https:\/\/hirancher.com\/wp-content\/uploads\/2025\/07\/ABT-DETAILS-1-768x768.jpg 768w, https:\/\/hirancher.com\/wp-content\/uploads\/2025\/07\/ABT-DETAILS-1-550x550.jpg 550w, https:\/\/hirancher.com\/wp-content\/uploads\/2025\/07\/ABT-DETAILS-1-600x600.jpg 600w, https:\/\/hirancher.com\/wp-content\/uploads\/2025\/07\/ABT-DETAILS-1-100x100.jpg 100w, https:\/\/hirancher.com\/wp-content\/uploads\/2025\/07\/ABT-DETAILS-1.jpg 1000w\" sizes=\"(max-width: 300px) 100vw, 300px\" \/><\/p>\n<h3>FAQ<\/h3>\n<ul>\n<li>Existe-t-il une diff\u00e9rence de pr\u00e9cision entre l'ABT galvanis\u00e9 et l'acier au carbone ? <a href=\"https:\/\/hirancher.com\/fr\/shop\/abh-weighing-beams\/\">ABH<\/a>?<\/li>\n<\/ul>\n<p>Non. Les deux mod\u00e8les offrent la m\u00eame pr\u00e9cision et les m\u00eames performances de pes\u00e9e. La principale diff\u00e9rence r\u00e9side dans leur durabilit\u00e9 et leur r\u00e9sistance aux intemp\u00e9ries.<\/p>\n<ul>\n<li><span class=\"jCAhz ChMk0b\"><span class=\"ryNqvb\">\u00c0 quoi sert le couvercle \u00e0 ressort en acier inoxydable sur le c\u00e2ble ?<\/span><\/span><\/li>\n<\/ul>\n<p><span class=\"jCAhz ChMk0b\"><span class=\"ryNqvb\"> Le c\u00e2ble de la barre de pes\u00e9e du b\u00e9tail est prot\u00e9g\u00e9 par un couvercle \u00e0 ressort en acier inoxydable durable pour minimiser l'usure caus\u00e9e par les animaux ou les terrains accident\u00e9s.<\/span><\/span><\/p>\n<ul>\n<li>Are ABT load bars suitable for coastal farms?<\/li>\n<\/ul>\n<p>Yes. The hot-dip galvanized tubular housing and sealed design are chosen specifically to resist salt spray and high-humidity corrosion.<\/p>\n<ul>\n<li>Do I need to recalibrate my indicator after installing ABT bars?<\/li>\n<\/ul>\n<p>In most cases ABT load bars are factory-matched to standard indicator inputs and do not require a full recalibration. We recommend a verification check with a known weight after installation.<\/p>\n<ul>\n<li>Can these be used on mobile trailers?<\/li>\n<\/ul>\n<p>Absolutely. The ABT design is compact and robust for trailer or portable platform weighing. Use the optional fixing holes or a secure clamp system for transport.<\/p>","protected":false},"excerpt":{"rendered":"<ul>\n<li>(L) 400mm, 600mm, 800mm, 1000mm<\/li>\n<li>Personnalisation du support<\/li>\n<\/ul>","protected":false},"featured_media":5285,"comment_status":"open","ping_status":"closed","template":"","meta":{"product_extra_description":"<ul>\r\n \t<li>Tubular sealing structure<\/li>\r\n \t<li>Hot dip galvanized housing<\/li>\r\n \t<li>Heavy Capacity up to 3,000kg<\/li>\r\n \t<li>Cable with stainless steel spring cover<\/li>\r\n<\/ul>","product_overview":"<table style=\"border-collapse: collapse;width: 574px;height: 133px\" border=\"0\" width=\"821\" cellspacing=\"0\" cellpadding=\"0\">\r\n<tbody>\r\n<tr style=\"height: 13.80pt\">\r\n<td class=\"et2\" style=\"height: 13.8pt;width: 98.55pt;text-align: center\" width=\"164\" height=\"23\">Part No.<\/td>\r\n<td class=\"et3\" style=\"width: 98.55pt;text-align: center\" width=\"164\">170005<\/td>\r\n<td class=\"et3\" style=\"width: 98.55pt;text-align: center\" width=\"164\">170006<\/td>\r\n<td class=\"et3\" style=\"width: 98.55pt;text-align: center\" width=\"164\">170007<\/td>\r\n<td class=\"et3\" style=\"width: 98.55pt;text-align: center\" width=\"164\">170008<\/td>\r\n<\/tr>\r\n<tr style=\"height: 13.80pt\">\r\n<td class=\"et2\" style=\"height: 13.8pt;text-align: center\" height=\"23\">Models<\/td>\r\n<td class=\"et4\" style=\"text-align: center\">ABT400<\/td>\r\n<td class=\"et4\" style=\"text-align: center\">ABT600<\/td>\r\n<td class=\"et4\" style=\"text-align: center\">ABT800<\/td>\r\n<td class=\"et4\" style=\"text-align: center\">ABT1000<\/td>\r\n<\/tr>\r\n<tr style=\"height: 13.80pt\">\r\n<td class=\"et2\" style=\"height: 13.8pt;text-align: center\" height=\"23\">Length<\/td>\r\n<td class=\"et4\" style=\"text-align: center\">400mm<\/td>\r\n<td class=\"et4\" style=\"text-align: center\">600mm<\/td>\r\n<td class=\"et4\" style=\"text-align: center\">800mm<\/td>\r\n<td class=\"et4\" style=\"text-align: center\">1000mm<\/td>\r\n<\/tr>\r\n<tr style=\"height: 13.80pt\">\r\n<td class=\"et2\" style=\"height: 13.8pt;text-align: center\" height=\"23\">Capacity<\/td>\r\n<td class=\"et6\" style=\"width: 197.1pt;text-align: center\" colspan=\"2\" width=\"328\">2000kg<\/td>\r\n<td class=\"et6\" style=\"width: 197.1pt;text-align: center\" colspan=\"2\" width=\"328\">3000kg<\/td>\r\n<\/tr>\r\n<tr style=\"height: 13.80pt\">\r\n<td class=\"et2\" style=\"height: 13.8pt;text-align: center\" height=\"23\">Resolution<\/td>\r\n<td class=\"et4\" style=\"text-align: center\" colspan=\"2\">0.2kg<\/td>\r\n<td class=\"et4\" style=\"text-align: center\" colspan=\"2\">0.5kg<\/td>\r\n<\/tr>\r\n<tr style=\"height: 13.80pt\">\r\n<td class=\"et2\" style=\"height: 13.8pt;text-align: center\" height=\"23\">Fixing Centers<\/td>\r\n<td class=\"et4\" style=\"text-align: center\">360mm<\/td>\r\n<td class=\"et4\" style=\"text-align: center\">560mm<\/td>\r\n<td class=\"et4\" style=\"text-align: center\">760mm<\/td>\r\n<td class=\"et4\" style=\"text-align: center\">870-960mm<\/td>\r\n<\/tr>\r\n<\/tbody>\r\n<\/table>\r\nHousing: Tubularhot-dipgalvanized,sealed\r\nCable protection: Stainless-steelspringcover\r\nFixing: 4 pre-drilled holes on base plate\r\nTypical animals: Cattle,sheep,pigs,goats\r\n(Download the full datasheet for wiring diagrams, exact dimensions and calibration notes.)","product_attachment":"<a href=\"https:\/\/hirancher.com\/wp-content\/uploads\/2025\/11\/AB5T-Load-Bars-Catalog.pdf\">Catalog<\/a>\r\n\r\n<a href=\"https:\/\/hirancher.com\/wp-content\/uploads\/2025\/09\/ABT-Manual.pdf\">Manual<\/a>","product_suitable_for":"Cattle, sheep, pig, goat\u2026","product_review":"<em>\u201cWe installed the ABT load bars under our outdoor crush, and they\u2019ve handled rain, mud, and constant washdowns without a single fault. The readings are always steady \u2014 really impressed with the build quality.\u201d<\/em>\u2014 Beef Producer, Australia\r\n<em>\u201cOur farm is close to the sea, so corrosion is always an issue. The hot-dip galvanized finish on the ABT bars still looks new after a full season. Definitely worth the investment.\u201d<\/em>\u2014 Dairy Farmer, Chile\r\n<em>\u201cWe use ABT bars on a portable platform for sheep weighing. Lightweight, accurate, and easy to move around. They connect straight to our HiRancher indicator without any setup hassle.\u201d<\/em>\u2014 Sheep Farm Owner, New Zealand"},"product_brand":[],"product_cat":[292],"product_tag":[],"class_list":{"0":"post-4385","1":"product","2":"type-product","3":"status-publish","4":"has-post-thumbnail","6":"product_cat-load-bars","8":"first","9":"instock","10":"shipping-taxable","11":"product-type-simple"},"yoast_head":"<!-- This site is optimized with the Yoast SEO plugin v27.3 - https:\/\/yoast.com\/product\/yoast-seo-wordpress\/ -->\n<title>Outdoor Weighing Load Bars | ABT Load Bars for Cattle - Hirancher<\/title>\n<meta name=\"description\" content=\"HiRancher ABT load bars are built for outdoor weighing. Rugged stainless design provides accurate livestock weighing in all farm conditions.Contact us for details or pricing now.\" \/>\n<meta name=\"robots\" content=\"index, follow, max-snippet:-1, max-image-preview:large, max-video-preview:-1\" \/>\n<link rel=\"canonical\" href=\"https:\/\/hirancher.com\/fr\/shop\/abt\/\" \/>\n<meta property=\"og:locale\" content=\"fr_FR\" \/>\n<meta property=\"og:type\" content=\"article\" \/>\n<meta property=\"og:title\" content=\"Outdoor Weighing Load Bars | ABT Load Bars for Cattle - Hirancher\" \/>\n<meta property=\"og:description\" content=\"HiRancher ABT load bars are built for outdoor weighing. Rugged stainless design provides accurate livestock weighing in all farm conditions.Contact us for details or pricing now.\" \/>\n<meta property=\"og:url\" content=\"https:\/\/hirancher.com\/fr\/shop\/abt\/\" \/>\n<meta property=\"og:site_name\" content=\"Hirancher\" \/>\n<meta property=\"article:publisher\" content=\"https:\/\/www.facebook.com\/Hirancher\" \/>\n<meta property=\"article:modified_time\" content=\"2025-11-27T08:46:43+00:00\" \/>\n<meta property=\"og:image\" content=\"https:\/\/hirancher.com\/wp-content\/uploads\/2025\/08\/1.png\" \/>\n\t<meta property=\"og:image:width\" content=\"1000\" \/>\n\t<meta property=\"og:image:height\" content=\"1000\" \/>\n\t<meta property=\"og:image:type\" content=\"image\/png\" \/>\n<meta name=\"twitter:card\" content=\"summary_large_image\" \/>\n<meta name=\"twitter:label1\" content=\"Dur\u00e9e de lecture estim\u00e9e\" \/>\n\t<meta name=\"twitter:data1\" content=\"3 minutes\" \/>\n<script type=\"application\/ld+json\" class=\"yoast-schema-graph\">{\"@context\":\"https:\\\/\\\/schema.org\",\"@graph\":[{\"@type\":\"WebPage\",\"@id\":\"https:\\\/\\\/hirancher.com\\\/shop\\\/abt\\\/\",\"url\":\"https:\\\/\\\/hirancher.com\\\/shop\\\/abt\\\/\",\"name\":\"Outdoor Weighing Load Bars | ABT Load Bars for Cattle - Hirancher\",\"isPartOf\":{\"@id\":\"https:\\\/\\\/hirancher.com\\\/#website\"},\"primaryImageOfPage\":{\"@id\":\"https:\\\/\\\/hirancher.com\\\/shop\\\/abt\\\/#primaryimage\"},\"image\":{\"@id\":\"https:\\\/\\\/hirancher.com\\\/shop\\\/abt\\\/#primaryimage\"},\"thumbnailUrl\":\"https:\\\/\\\/hirancher.com\\\/wp-content\\\/uploads\\\/2025\\\/08\\\/1.png\",\"datePublished\":\"2025-07-01T09:55:11+00:00\",\"dateModified\":\"2025-11-27T08:46:43+00:00\",\"description\":\"HiRancher ABT load bars are built for outdoor weighing. Rugged stainless design provides accurate livestock weighing in all farm conditions.Contact us for details or pricing now.\",\"breadcrumb\":{\"@id\":\"https:\\\/\\\/hirancher.com\\\/shop\\\/abt\\\/#breadcrumb\"},\"inLanguage\":\"fr-FR\",\"potentialAction\":[{\"@type\":\"ReadAction\",\"target\":[\"https:\\\/\\\/hirancher.com\\\/shop\\\/abt\\\/\"]}]},{\"@type\":\"ImageObject\",\"inLanguage\":\"fr-FR\",\"@id\":\"https:\\\/\\\/hirancher.com\\\/shop\\\/abt\\\/#primaryimage\",\"url\":\"https:\\\/\\\/hirancher.com\\\/wp-content\\\/uploads\\\/2025\\\/08\\\/1.png\",\"contentUrl\":\"https:\\\/\\\/hirancher.com\\\/wp-content\\\/uploads\\\/2025\\\/08\\\/1.png\",\"width\":1000,\"height\":1000,\"caption\":\"ABT cattle bars\"},{\"@type\":\"BreadcrumbList\",\"@id\":\"https:\\\/\\\/hirancher.com\\\/shop\\\/abt\\\/#breadcrumb\",\"itemListElement\":[{\"@type\":\"ListItem\",\"position\":1,\"name\":\"\u9996\u9875\",\"item\":\"https:\\\/\\\/hirancher.com\\\/\"},{\"@type\":\"ListItem\",\"position\":2,\"name\":\"Shop\",\"item\":\"https:\\\/\\\/hirancher.com\\\/shop\\\/\"},{\"@type\":\"ListItem\",\"position\":3,\"name\":\"ABT\"}]},{\"@type\":\"WebSite\",\"@id\":\"https:\\\/\\\/hirancher.com\\\/#website\",\"url\":\"https:\\\/\\\/hirancher.com\\\/\",\"name\":\"Hirancher\",\"description\":\"Smart Livestock Management System\",\"publisher\":{\"@id\":\"https:\\\/\\\/hirancher.com\\\/#organization\"},\"potentialAction\":[{\"@type\":\"SearchAction\",\"target\":{\"@type\":\"EntryPoint\",\"urlTemplate\":\"https:\\\/\\\/hirancher.com\\\/?s={search_term_string}\"},\"query-input\":{\"@type\":\"PropertyValueSpecification\",\"valueRequired\":true,\"valueName\":\"search_term_string\"}}],\"inLanguage\":\"fr-FR\"},{\"@type\":\"Organization\",\"@id\":\"https:\\\/\\\/hirancher.com\\\/#organization\",\"name\":\"Hirancher\",\"url\":\"https:\\\/\\\/hirancher.com\\\/\",\"logo\":{\"@type\":\"ImageObject\",\"inLanguage\":\"fr-FR\",\"@id\":\"https:\\\/\\\/hirancher.com\\\/#\\\/schema\\\/logo\\\/image\\\/\",\"url\":\"https:\\\/\\\/hirancher.com\\\/wp-content\\\/uploads\\\/2025\\\/06\\\/\u5fae\u4fe1\u56fe\u7247_20250617164751.png\",\"contentUrl\":\"https:\\\/\\\/hirancher.com\\\/wp-content\\\/uploads\\\/2025\\\/06\\\/\u5fae\u4fe1\u56fe\u7247_20250617164751.png\",\"width\":853,\"height\":132,\"caption\":\"Hirancher\"},\"image\":{\"@id\":\"https:\\\/\\\/hirancher.com\\\/#\\\/schema\\\/logo\\\/image\\\/\"},\"sameAs\":[\"https:\\\/\\\/www.facebook.com\\\/Hirancher\",\"https:\\\/\\\/www.youtube.com\\\/@hirancher\",\"https:\\\/\\\/www.linkedin.com\\\/company\\\/hirancher\\\/\"]}]}<\/script>\n<!-- \/ Yoast SEO plugin. -->","yoast_head_json":{"title":"Outdoor Weighing Load Bars | ABT Load Bars for Cattle - Hirancher","description":"HiRancher ABT load bars are built for outdoor weighing. Rugged stainless design provides accurate livestock weighing in all farm conditions.Contact us for details or pricing now.","robots":{"index":"index","follow":"follow","max-snippet":"max-snippet:-1","max-image-preview":"max-image-preview:large","max-video-preview":"max-video-preview:-1"},"canonical":"https:\/\/hirancher.com\/fr\/shop\/abt\/","og_locale":"fr_FR","og_type":"article","og_title":"Outdoor Weighing Load Bars | ABT Load Bars for Cattle - Hirancher","og_description":"HiRancher ABT load bars are built for outdoor weighing. Rugged stainless design provides accurate livestock weighing in all farm conditions.Contact us for details or pricing now.","og_url":"https:\/\/hirancher.com\/fr\/shop\/abt\/","og_site_name":"Hirancher","article_publisher":"https:\/\/www.facebook.com\/Hirancher","article_modified_time":"2025-11-27T08:46:43+00:00","og_image":[{"width":1000,"height":1000,"url":"https:\/\/hirancher.com\/wp-content\/uploads\/2025\/08\/1.png","type":"image\/png"}],"twitter_card":"summary_large_image","twitter_misc":{"Dur\u00e9e de lecture estim\u00e9e":"3 minutes"},"schema":{"@context":"https:\/\/schema.org","@graph":[{"@type":"WebPage","@id":"https:\/\/hirancher.com\/shop\/abt\/","url":"https:\/\/hirancher.com\/shop\/abt\/","name":"Outdoor Weighing Load Bars | ABT Load Bars for Cattle - Hirancher","isPartOf":{"@id":"https:\/\/hirancher.com\/#website"},"primaryImageOfPage":{"@id":"https:\/\/hirancher.com\/shop\/abt\/#primaryimage"},"image":{"@id":"https:\/\/hirancher.com\/shop\/abt\/#primaryimage"},"thumbnailUrl":"https:\/\/hirancher.com\/wp-content\/uploads\/2025\/08\/1.png","datePublished":"2025-07-01T09:55:11+00:00","dateModified":"2025-11-27T08:46:43+00:00","description":"HiRancher ABT load bars are built for outdoor weighing. Rugged stainless design provides accurate livestock weighing in all farm conditions.Contact us for details or pricing now.","breadcrumb":{"@id":"https:\/\/hirancher.com\/shop\/abt\/#breadcrumb"},"inLanguage":"fr-FR","potentialAction":[{"@type":"ReadAction","target":["https:\/\/hirancher.com\/shop\/abt\/"]}]},{"@type":"ImageObject","inLanguage":"fr-FR","@id":"https:\/\/hirancher.com\/shop\/abt\/#primaryimage","url":"https:\/\/hirancher.com\/wp-content\/uploads\/2025\/08\/1.png","contentUrl":"https:\/\/hirancher.com\/wp-content\/uploads\/2025\/08\/1.png","width":1000,"height":1000,"caption":"ABT cattle bars"},{"@type":"BreadcrumbList","@id":"https:\/\/hirancher.com\/shop\/abt\/#breadcrumb","itemListElement":[{"@type":"ListItem","position":1,"name":"\u9996\u9875","item":"https:\/\/hirancher.com\/"},{"@type":"ListItem","position":2,"name":"Shop","item":"https:\/\/hirancher.com\/shop\/"},{"@type":"ListItem","position":3,"name":"ABT"}]},{"@type":"WebSite","@id":"https:\/\/hirancher.com\/#website","url":"https:\/\/hirancher.com\/","name":"Hirancher","description":"Smart Livestock Management System","publisher":{"@id":"https:\/\/hirancher.com\/#organization"},"potentialAction":[{"@type":"SearchAction","target":{"@type":"EntryPoint","urlTemplate":"https:\/\/hirancher.com\/?s={search_term_string}"},"query-input":{"@type":"PropertyValueSpecification","valueRequired":true,"valueName":"search_term_string"}}],"inLanguage":"fr-FR"},{"@type":"Organization","@id":"https:\/\/hirancher.com\/#organization","name":"Hirancher","url":"https:\/\/hirancher.com\/","logo":{"@type":"ImageObject","inLanguage":"fr-FR","@id":"https:\/\/hirancher.com\/#\/schema\/logo\/image\/","url":"https:\/\/hirancher.com\/wp-content\/uploads\/2025\/06\/\u5fae\u4fe1\u56fe\u7247_20250617164751.png","contentUrl":"https:\/\/hirancher.com\/wp-content\/uploads\/2025\/06\/\u5fae\u4fe1\u56fe\u7247_20250617164751.png","width":853,"height":132,"caption":"Hirancher"},"image":{"@id":"https:\/\/hirancher.com\/#\/schema\/logo\/image\/"},"sameAs":["https:\/\/www.facebook.com\/Hirancher","https:\/\/www.youtube.com\/@hirancher","https:\/\/www.linkedin.com\/company\/hirancher\/"]}]}},"_links":{"self":[{"href":"https:\/\/hirancher.com\/fr\/wp-json\/wp\/v2\/product\/4385","targetHints":{"allow":["GET"]}}],"collection":[{"href":"https:\/\/hirancher.com\/fr\/wp-json\/wp\/v2\/product"}],"about":[{"href":"https:\/\/hirancher.com\/fr\/wp-json\/wp\/v2\/types\/product"}],"replies":[{"embeddable":true,"href":"https:\/\/hirancher.com\/fr\/wp-json\/wp\/v2\/comments?post=4385"}],"wp:featuredmedia":[{"embeddable":true,"href":"https:\/\/hirancher.com\/fr\/wp-json\/wp\/v2\/media\/5285"}],"wp:attachment":[{"href":"https:\/\/hirancher.com\/fr\/wp-json\/wp\/v2\/media?parent=4385"}],"wp:term":[{"taxonomy":"product_brand","embeddable":true,"href":"https:\/\/hirancher.com\/fr\/wp-json\/wp\/v2\/product_brand?post=4385"},{"taxonomy":"product_cat","embeddable":true,"href":"https:\/\/hirancher.com\/fr\/wp-json\/wp\/v2\/product_cat?post=4385"},{"taxonomy":"product_tag","embeddable":true,"href":"https:\/\/hirancher.com\/fr\/wp-json\/wp\/v2\/product_tag?post=4385"}],"curies":[{"name":"wp","href":"https:\/\/api.w.org\/{rel}","templated":true}]}}