{"id":3857,"date":"2025-06-27T02:09:37","date_gmt":"2025-06-27T02:09:37","guid":{"rendered":"https:\/\/deeppink-lobster-324632.hostingersite.com\/?post_type=product&#038;p=3857"},"modified":"2026-02-02T08:23:11","modified_gmt":"2026-02-02T08:23:11","slug":"abh-weighing-beams","status":"publish","type":"product","link":"https:\/\/hirancher.com\/fr\/shop\/abh-weighing-beams\/","title":{"rendered":"ABH"},"content":{"rendered":"<p data-start=\"259\" data-end=\"320\">Heavy-Duty Livestock Weigh Beams for Accurate Farm Weighing<\/p>\n<p data-start=\"322\" data-end=\"507\" data-imt-p=\"1\"><strong data-start=\"322\" data-end=\"399\" data-imt-p=\"1\">Reliable weigh beams designed for cattle, sheep, and pig weighing systems<\/strong><br data-start=\"399\" data-end=\"402\" \/>Built to deliver stable, repeatable weight readings in crushes, alleyways, and outdoor farm environments.<\/p>\n<p data-start=\"509\" data-end=\"794\" data-imt-p=\"1\">HiRancher ABH weigh beams are engineered specifically for livestock weighing, where animal movement, impact load, and harsh conditions are unavoidable. Whether installed under a cattle crush, raceway, or weighing platform, they provide dependable performance for daily farm operations.<\/p>\n<p data-start=\"796\" data-end=\"968\"><strong data-start=\"796\" data-end=\"844\" data-imt-p=\"1\">\u2714 Designed for livestock movement and impact<\/strong><br data-start=\"844\" data-end=\"847\" \/><strong data-start=\"847\" data-end=\"900\" data-imt-p=\"1\">\u2714 IP-rated protection for outdoor and muddy yards<\/strong><br data-start=\"900\" data-end=\"903\" \/><strong data-start=\"903\" data-end=\"968\" data-imt-p=\"1\">\u2714 Compatible with digital weighing indicators and EID systems<\/strong><\/p>\n<h4 data-start=\"1027\" data-end=\"1075\" data-imt-p=\"1\"><strong>Is This the Right Weigh Beam for Your System?<\/strong><\/h4>\n<p data-start=\"1077\" data-end=\"1132\" data-imt-p=\"1\">Our ABH livestock weigh beams are suitable if you need:<\/p>\n<ul>\n<li data-start=\"1136\" data-end=\"1184\" data-imt-p=\"1\">Accurate weighing for <strong data-start=\"1158\" data-end=\"1184\">cattle, sheep, or pigs<\/strong><\/li>\n<li data-start=\"1187\" data-end=\"1245\" data-imt-p=\"1\">Stable readings in <strong data-start=\"1206\" data-end=\"1245\">crushes, alleyways, or race systems<\/strong><\/li>\n<li data-start=\"1248\" data-end=\"1311\" data-imt-p=\"1\">Reliable performance in <strong data-start=\"1272\" data-end=\"1311\">outdoor, wet, or muddy environments<\/strong><\/li>\n<li data-start=\"1314\" data-end=\"1364\" data-imt-p=\"1\">Integration with <strong data-start=\"1331\" data-end=\"1364\">livestock weighing indicators<\/strong><\/li>\n<li data-start=\"1367\" data-end=\"1434\" data-imt-p=\"1\">A solution that can scale into a <strong data-start=\"1400\" data-end=\"1434\">complete weighing + EID system<\/strong><\/li>\n<\/ul>\n<p data-start=\"1436\" data-end=\"1556\" data-imt-p=\"1\">If your operation involves regular livestock handling and weight monitoring, this weigh beam is designed for your setup.<\/p>\n<p data-start=\"1558\" data-end=\"1618\" data-imt-p=\"1\">\ud83d\udc49 <strong data-start=\"1561\" data-end=\"1618\">Not sure? <a href=\"\/fr\/contact-us\/\">Send us your setup details for confirmation<\/a><\/strong><\/p>\n<h4><strong>Caract\u00e9ristiques<\/strong><\/h4>\n<ul>\n<li>Structure \u00e0 deux niveaux en acier au carbone avec rev\u00eatement en poudre<\/li>\n<li>Capacit\u00e9 lourde jusqu'\u00e0 3 000 kg, 5 000 kg en option<\/li>\n<li>Quatre longueurs : 400 mm, 600 mm, 800 mm, 1000 mm<\/li>\n<li>Personnalisation de la longueur du support<\/li>\n<li>C\u00e2ble avec couvercle \u00e0 ressort en acier inoxydable<\/li>\n<li>Il y a quatre trous de fixation sur la plaque de base (peut \u00eatre install\u00e9 temporairement ou d\u00e9finitivement)<\/li>\n<li>Compatible avec la plupart des indicateurs et aucun \u00e9talonnage requis<\/li>\n<\/ul>\n<h4><strong>Sc\u00e9narios d'application<\/strong><\/h4>\n<ul>\n<li data-start=\"1650\" data-end=\"1675\" data-imt-p=\"1\">Cattle Crush Weighing<\/li>\n<\/ul>\n<p>Installed beneath manual or hydraulic cattle crushes, ABH weigh beams deliver consistent results even when animals shift or apply uneven loads.<\/p>\n<ul>\n<li data-start=\"1821\" data-end=\"1852\" data-imt-p=\"1\">Alleyway &amp; Raceway Weighing<\/li>\n<\/ul>\n<p>Ideal for race-based weighing systems where animals move quickly. The reinforced beam structure minimizes errors caused by side loading and impact.<\/p>\n<ul>\n<li data-start=\"2002\" data-end=\"2027\" data-imt-p=\"1\">Outdoor Farm Weighing<\/li>\n<\/ul>\n<p>Built for open yards exposed to rain, mud, and manure. Suitable for both permanent installations and mobile weighing platforms.<\/p>\n<ul>\n<li data-start=\"2157\" data-end=\"2189\" data-imt-p=\"1\">Sheep &amp; Pig Weighing Systems<\/li>\n<\/ul>\n<p>Compact and stable enough for smaller livestock, ensuring accurate data collection for growth tracking and management decisions.<\/p>\n<p><img fetchpriority=\"high\" decoding=\"async\" class=\"alignnone wp-image-5349\" src=\"https:\/\/hirancher.com\/wp-content\/uploads\/2025\/08\/ABH-300x169.jpg\" alt=\"livestock load bars\" width=\"499\" height=\"281\" srcset=\"https:\/\/hirancher.com\/wp-content\/uploads\/2025\/08\/ABH-300x169.jpg 300w, https:\/\/hirancher.com\/wp-content\/uploads\/2025\/08\/ABH-768x432.jpg 768w, https:\/\/hirancher.com\/wp-content\/uploads\/2025\/08\/ABH-600x337.jpg 600w, https:\/\/hirancher.com\/wp-content\/uploads\/2025\/08\/ABH.jpg 1000w\" sizes=\"(max-width: 499px) 100vw, 499px\" \/><\/p>\n<h4 data-start=\"2929\" data-end=\"2973\" data-imt-p=\"1\"><strong>Built for Stability in Livestock Weighing<\/strong><\/h4>\n<p data-start=\"2975\" data-end=\"3072\" data-imt-p=\"1\">Unlike industrial weigh beams, ABH weigh beams are developed specifically for livestock behavior:<\/p>\n<ul>\n<li data-start=\"3076\" data-end=\"3130\" data-imt-p=\"1\">Reinforced internal structure resists <strong data-start=\"3114\" data-end=\"3130\">side loading<\/strong><\/li>\n<li data-start=\"3133\" data-end=\"3187\" data-imt-p=\"1\">Designed to absorb <strong data-start=\"3152\" data-end=\"3174\">shock and movement<\/strong> from animals<\/li>\n<li data-start=\"3190\" data-end=\"3254\" data-imt-p=\"1\">Sealed load cell housing prevents <strong data-start=\"3224\" data-end=\"3254\">water and moisture ingress<\/strong><\/li>\n<li data-start=\"3257\" data-end=\"3316\" data-imt-p=\"1\">Reliable performance during <strong data-start=\"3285\" data-end=\"3316\">dynamic weighing conditions<\/strong><\/li>\n<\/ul>\n<p data-start=\"3318\" data-end=\"3405\" data-imt-p=\"1\">This ensures consistent weight data you can trust for herd management and traceability.<\/p>\n<h4 data-start=\"3412\" data-end=\"3449\" data-imt-p=\"1\"><strong>System Compatibility &amp; Integration<\/strong><\/h4>\n<p data-start=\"3451\" data-end=\"3493\" data-imt-p=\"1\">ABH weigh beams integrate seamlessly with:<\/p>\n<ul>\n<li data-start=\"3497\" data-end=\"3526\" data-imt-p=\"1\">Livestock weighing indicators<\/li>\n<li data-start=\"3529\" data-end=\"3557\" data-imt-p=\"1\">EID-enabled scale indicators<\/li>\n<li data-start=\"3560\" data-end=\"3595\" data-imt-p=\"1\">Alleyway and crush weighing systems<\/li>\n<li data-start=\"3598\" data-end=\"3635\" data-imt-p=\"1\">Fixed and portable weighing platforms<\/li>\n<\/ul>\n<p data-start=\"3637\" data-end=\"3776\" data-imt-p=\"1\">They can be supplied as part of a <strong data-start=\"3671\" data-end=\"3711\">complete livestock weighing solution<\/strong>, including indicators, EID readers, and data management support.<\/p>\n<p data-start=\"3778\" data-end=\"3828\" data-imt-p=\"1\">\ud83d\udc49 <a href=\"\/fr\/contact-us\/\"><strong data-start=\"3781\" data-end=\"3828\">Ask about complete weighing system packages<\/strong><\/a><\/p>\n<h4 data-start=\"3835\" data-end=\"3864\" data-imt-p=\"1\"><strong>Installation &amp; Calibration<\/strong><\/h4>\n<ul>\n<li data-start=\"3868\" data-end=\"3922\" data-imt-p=\"1\">Simple bolt-on installation under crushes or platforms<\/li>\n<li data-start=\"3925\" data-end=\"3959\" data-imt-p=\"1\">Factory calibrated before delivery<\/li>\n<li data-start=\"3962\" data-end=\"4014\" data-imt-p=\"1\">Easy zero and span adjustment via weighing indicator<\/li>\n<li data-start=\"4017\" data-end=\"4074\" data-imt-p=\"1\">Technical guidance available for first-time installations<\/li>\n<\/ul>\n<p data-start=\"4076\" data-end=\"4139\" data-imt-p=\"1\">Designed to reduce setup time and long-term maintenance effort.<\/p>\n<h4>FAQ<\/h4>\n<ul>\n<li>Les barres de chargement pour b\u00e9tail sont-elles r\u00e9sistantes aux intemp\u00e9ries pour une utilisation en ext\u00e9rieur ?<\/li>\n<\/ul>\n<p>Oui, l'acier au carbone thermolaqu\u00e9 offre une bonne durabilit\u00e9 en milieu agricole. Pour les zones humides ou c\u00f4ti\u00e8res, la galvanisation \u00e0 chaud est recommand\u00e9e. <a href=\"https:\/\/hirancher.com\/fr\/shop\/abt\/\">ABT<\/a> est \u00e9galement disponible.<\/p>\n<ul>\n<li>Les poutres de pes\u00e9e du b\u00e9tail n\u00e9cessitent-elles un entretien pour maintenir leur pr\u00e9cision ?<\/li>\n<\/ul>\n<p>Minimalisme. Il suffit de garder les barres propres et s\u00e8ches apr\u00e8s utilisation. V\u00e9rifiez l'usure des c\u00e2bles et rangez-les \u00e0 l'int\u00e9rieur en cas d'inutilisation prolong\u00e9e. Gr\u00e2ce aux r\u00e9glages d'usine internes, aucun recalibrage fr\u00e9quent n'est n\u00e9cessaire.<\/p>\n<ul>\n<li>Quels sont les avantages des balances \u00e0 barre par rapport aux balances au sol traditionnelles ?<\/li>\n<\/ul>\n<p>Les barres de pes\u00e9e sont plus flexibles, portables et \u00e9conomiques. Elles peuvent \u00eatre utilis\u00e9es dans diverses configurations, sous des goulottes, des caisses ou des plateformes, et sont facilement repositionnables, ce qui est id\u00e9al pour l'\u00e9levage.<\/p>\n<h4 data-start=\"4869\" data-end=\"4915\" data-imt-p=\"1\">Get the Right Weigh Beam for Your Operation<\/h4>\n<p data-start=\"4917\" data-end=\"5020\" data-imt-p=\"1\">Choosing the correct weigh beam depends on animal type, capacity, installation method, and environment.<\/p>\n<p data-start=\"5022\" data-end=\"5122\" data-imt-p=\"1\"><strong data-start=\"5022\" data-end=\"5050\">Tell us about your setup<\/strong>, and our engineers will recommend the most suitable beam configuration.<\/p>\n<p data-start=\"5124\" data-end=\"5259\" data-imt-p=\"1\">\ud83d\udc49 <strong data-start=\"5127\" data-end=\"5162\">Get a Weigh Beam Recommendation<\/strong><br data-start=\"5162\" data-end=\"5165\" \/>\ud83d\udc49 <strong data-start=\"5168\" data-end=\"5204\">Request a Quote for Your Project<\/strong><br data-start=\"5204\" data-end=\"5207\" \/>\ud83d\udc49 <strong data-start=\"5210\" data-end=\"5259\">Ask About Complete Livestock Weighing Systems<\/strong><\/p>\n<div style=\"margin-top: 16px;\"><a class=\"get_quote\" style=\"background: #10416C; color: #ffffff; padding: 10px 20px; margin-left: 8px;\" href=\"\/fr\/contact-us\/\">CONTACT US<\/a><\/div>\n<div><\/div>\n<div><\/div>","protected":false},"excerpt":{"rendered":"<ul>\n<li>(L) 400mm, 600mm, 800mm, 1000mm<\/li>\n<li>Personnalisation du support<\/li>\n<\/ul>","protected":false},"featured_media":4541,"comment_status":"open","ping_status":"closed","template":"","meta":{"product_extra_description":"<ul>\r\n \t<li>Double-deck structure<\/li>\r\n \t<li>Powder coated carbon steel<\/li>\r\n \t<li>Heavy capacity up to 3,000kg<\/li>\r\n \t<li>Optional capacity 5,000kg<\/li>\r\n \t<li>Cable with stainless steel spring cover<\/li>\r\n<\/ul>","product_overview":"<table style=\"border-collapse: collapse;width: 574px;height: 129px\" border=\"0\" width=\"821\" cellspacing=\"0\" cellpadding=\"0\">\r\n<tbody>\r\n<tr style=\"height: 13.80pt\">\r\n<td class=\"et2\" style=\"height: 13.8pt;width: 98.55pt;text-align: center\" width=\"164\" height=\"23\">Part No.<\/td>\r\n<td class=\"et3\" style=\"width: 98.55pt;text-align: center\" width=\"164\">170001<\/td>\r\n<td class=\"et3\" style=\"width: 98.55pt;text-align: center\" width=\"164\">170002<\/td>\r\n<td class=\"et3\" style=\"width: 98.55pt;text-align: center\" width=\"164\">170003<\/td>\r\n<td class=\"et3\" style=\"width: 98.55pt;text-align: center\" width=\"164\">170004<\/td>\r\n<\/tr>\r\n<tr style=\"height: 13.80pt\">\r\n<td class=\"et2\" style=\"height: 13.8pt;text-align: center\" height=\"23\">Models<\/td>\r\n<td class=\"et4\" style=\"text-align: center\">ABH400<\/td>\r\n<td class=\"et4\" style=\"text-align: center\">ABH600<\/td>\r\n<td class=\"et4\" style=\"text-align: center\">ABH800<\/td>\r\n<td class=\"et4\" style=\"text-align: center\">ABH1000<\/td>\r\n<\/tr>\r\n<tr style=\"height: 13.80pt\">\r\n<td class=\"et2\" style=\"height: 13.8pt;text-align: center\" height=\"23\">Length<\/td>\r\n<td class=\"et4\" style=\"text-align: center\">400mm<\/td>\r\n<td class=\"et4\" style=\"text-align: center\">600mm<\/td>\r\n<td class=\"et4\" style=\"text-align: center\">800mm<\/td>\r\n<td class=\"et4\" style=\"text-align: center\">1000mm<\/td>\r\n<\/tr>\r\n<tr style=\"height: 13.80pt\">\r\n<td class=\"et2\" style=\"height: 13.8pt;text-align: center\" height=\"23\">Capacity<\/td>\r\n<td class=\"et6\" style=\"width: 197.1pt;text-align: center\" colspan=\"2\" width=\"328\">2000kg<\/td>\r\n<td class=\"et6\" style=\"width: 197.1pt;text-align: center\" colspan=\"2\" width=\"328\">3000kg<\/td>\r\n<\/tr>\r\n<tr style=\"height: 13.80pt\">\r\n<td class=\"et2\" style=\"height: 13.8pt;text-align: center\" height=\"23\">Resolution<\/td>\r\n<td class=\"et4\" style=\"text-align: center\" colspan=\"2\">0.2kg<\/td>\r\n<td class=\"et4\" style=\"text-align: center\" colspan=\"2\">0.5kg<\/td>\r\n<\/tr>\r\n<tr style=\"height: 13.80pt\">\r\n<td class=\"et2\" style=\"height: 13.8pt;text-align: center\" height=\"23\">Fixing Centers<\/td>\r\n<td class=\"et4\" style=\"text-align: center\">368mm<\/td>\r\n<td class=\"et4\" style=\"text-align: center\">568mm<\/td>\r\n<td class=\"et4\" style=\"text-align: center\">768mm<\/td>\r\n<td class=\"et4\" style=\"text-align: center\">968mm<\/td>\r\n<\/tr>\r\n<\/tbody>\r\n<\/table>","product_attachment":"<a href=\"https:\/\/hirancher.com\/wp-content\/uploads\/2025\/10\/ABH-Load-Bars-Catalog.pdf\">Catalog<\/a>\r\n<a href=\"https:\/\/hirancher.com\/wp-content\/uploads\/2025\/09\/ABH-Manual.pdf\">Manual<\/a>","product_suitable_for":"Cattle, sheep, pig, goat...","product_review":""},"product_brand":[],"product_cat":[292],"product_tag":[],"class_list":{"0":"post-3857","1":"product","2":"type-product","3":"status-publish","4":"has-post-thumbnail","6":"product_cat-load-bars","8":"first","9":"instock","10":"shipping-taxable","11":"product-type-simple"},"yoast_head":"<!-- This site is optimized with the Yoast SEO plugin v27.3 - https:\/\/yoast.com\/product\/yoast-seo-wordpress\/ -->\n<title>ABH 5000kg Double Deck Weigh Beams | Livestock Weighing Load Bar<\/title>\n<meta name=\"description\" content=\"HiRancher ABH double-deck weigh beams ensure high-capacity weighing for cattle and large animals. Durable, weather-resistant, and easy to set up.Request your price today.\" \/>\n<meta name=\"robots\" content=\"index, follow, max-snippet:-1, max-image-preview:large, max-video-preview:-1\" \/>\n<link rel=\"canonical\" href=\"https:\/\/hirancher.com\/fr\/shop\/abh-weighing-beams\/\" \/>\n<meta property=\"og:locale\" content=\"fr_FR\" \/>\n<meta property=\"og:type\" content=\"article\" \/>\n<meta property=\"og:title\" content=\"ABH 5000kg Double Deck Weigh Beams | Livestock Weighing Load Bar\" \/>\n<meta property=\"og:description\" content=\"HiRancher ABH double-deck weigh beams ensure high-capacity weighing for cattle and large animals. Durable, weather-resistant, and easy to set up.Request your price today.\" \/>\n<meta property=\"og:url\" content=\"https:\/\/hirancher.com\/fr\/shop\/abh-weighing-beams\/\" \/>\n<meta property=\"og:site_name\" content=\"Hirancher\" \/>\n<meta property=\"article:publisher\" content=\"https:\/\/www.facebook.com\/Hirancher\" \/>\n<meta property=\"article:modified_time\" content=\"2026-02-02T08:23:11+00:00\" \/>\n<meta property=\"og:image\" content=\"https:\/\/hirancher.com\/wp-content\/uploads\/2025\/06\/ABH-\u5c01\u9762-1.png\" \/>\n\t<meta property=\"og:image:width\" content=\"1000\" \/>\n\t<meta property=\"og:image:height\" content=\"1000\" \/>\n\t<meta property=\"og:image:type\" content=\"image\/png\" \/>\n<meta name=\"twitter:card\" content=\"summary_large_image\" \/>\n<meta name=\"twitter:label1\" content=\"Dur\u00e9e de lecture estim\u00e9e\" \/>\n\t<meta name=\"twitter:data1\" content=\"4 minutes\" \/>\n<script type=\"application\/ld+json\" class=\"yoast-schema-graph\">{\"@context\":\"https:\\\/\\\/schema.org\",\"@graph\":[{\"@type\":\"WebPage\",\"@id\":\"https:\\\/\\\/hirancher.com\\\/shop\\\/abh-weighing-beams\\\/\",\"url\":\"https:\\\/\\\/hirancher.com\\\/shop\\\/abh-weighing-beams\\\/\",\"name\":\"ABH 5000kg Double Deck Weigh Beams | Livestock Weighing Load Bar\",\"isPartOf\":{\"@id\":\"https:\\\/\\\/hirancher.com\\\/#website\"},\"primaryImageOfPage\":{\"@id\":\"https:\\\/\\\/hirancher.com\\\/shop\\\/abh-weighing-beams\\\/#primaryimage\"},\"image\":{\"@id\":\"https:\\\/\\\/hirancher.com\\\/shop\\\/abh-weighing-beams\\\/#primaryimage\"},\"thumbnailUrl\":\"https:\\\/\\\/hirancher.com\\\/wp-content\\\/uploads\\\/2025\\\/06\\\/ABH-\u5c01\u9762-1.png\",\"datePublished\":\"2025-06-27T02:09:37+00:00\",\"dateModified\":\"2026-02-02T08:23:11+00:00\",\"description\":\"HiRancher ABH double-deck weigh beams ensure high-capacity weighing for cattle and large animals. Durable, weather-resistant, and easy to set up.Request your price today.\",\"breadcrumb\":{\"@id\":\"https:\\\/\\\/hirancher.com\\\/shop\\\/abh-weighing-beams\\\/#breadcrumb\"},\"inLanguage\":\"fr-FR\",\"potentialAction\":[{\"@type\":\"ReadAction\",\"target\":[\"https:\\\/\\\/hirancher.com\\\/shop\\\/abh-weighing-beams\\\/\"]}]},{\"@type\":\"ImageObject\",\"inLanguage\":\"fr-FR\",\"@id\":\"https:\\\/\\\/hirancher.com\\\/shop\\\/abh-weighing-beams\\\/#primaryimage\",\"url\":\"https:\\\/\\\/hirancher.com\\\/wp-content\\\/uploads\\\/2025\\\/06\\\/ABH-\u5c01\u9762-1.png\",\"contentUrl\":\"https:\\\/\\\/hirancher.com\\\/wp-content\\\/uploads\\\/2025\\\/06\\\/ABH-\u5c01\u9762-1.png\",\"width\":1000,\"height\":1000,\"caption\":\"ABH double-deck weighing beam\"},{\"@type\":\"BreadcrumbList\",\"@id\":\"https:\\\/\\\/hirancher.com\\\/shop\\\/abh-weighing-beams\\\/#breadcrumb\",\"itemListElement\":[{\"@type\":\"ListItem\",\"position\":1,\"name\":\"\u9996\u9875\",\"item\":\"https:\\\/\\\/hirancher.com\\\/\"},{\"@type\":\"ListItem\",\"position\":2,\"name\":\"Shop\",\"item\":\"https:\\\/\\\/hirancher.com\\\/shop\\\/\"},{\"@type\":\"ListItem\",\"position\":3,\"name\":\"ABH\"}]},{\"@type\":\"WebSite\",\"@id\":\"https:\\\/\\\/hirancher.com\\\/#website\",\"url\":\"https:\\\/\\\/hirancher.com\\\/\",\"name\":\"Hirancher\",\"description\":\"Smart Livestock Management System\",\"publisher\":{\"@id\":\"https:\\\/\\\/hirancher.com\\\/#organization\"},\"potentialAction\":[{\"@type\":\"SearchAction\",\"target\":{\"@type\":\"EntryPoint\",\"urlTemplate\":\"https:\\\/\\\/hirancher.com\\\/?s={search_term_string}\"},\"query-input\":{\"@type\":\"PropertyValueSpecification\",\"valueRequired\":true,\"valueName\":\"search_term_string\"}}],\"inLanguage\":\"fr-FR\"},{\"@type\":\"Organization\",\"@id\":\"https:\\\/\\\/hirancher.com\\\/#organization\",\"name\":\"Hirancher\",\"url\":\"https:\\\/\\\/hirancher.com\\\/\",\"logo\":{\"@type\":\"ImageObject\",\"inLanguage\":\"fr-FR\",\"@id\":\"https:\\\/\\\/hirancher.com\\\/#\\\/schema\\\/logo\\\/image\\\/\",\"url\":\"https:\\\/\\\/hirancher.com\\\/wp-content\\\/uploads\\\/2025\\\/06\\\/\u5fae\u4fe1\u56fe\u7247_20250617164751.png\",\"contentUrl\":\"https:\\\/\\\/hirancher.com\\\/wp-content\\\/uploads\\\/2025\\\/06\\\/\u5fae\u4fe1\u56fe\u7247_20250617164751.png\",\"width\":853,\"height\":132,\"caption\":\"Hirancher\"},\"image\":{\"@id\":\"https:\\\/\\\/hirancher.com\\\/#\\\/schema\\\/logo\\\/image\\\/\"},\"sameAs\":[\"https:\\\/\\\/www.facebook.com\\\/Hirancher\",\"https:\\\/\\\/www.youtube.com\\\/@hirancher\",\"https:\\\/\\\/www.linkedin.com\\\/company\\\/hirancher\\\/\"]}]}<\/script>\n<!-- \/ Yoast SEO plugin. -->","yoast_head_json":{"title":"ABH 5000kg Double Deck Weigh Beams | Livestock Weighing Load Bar","description":"HiRancher ABH double-deck weigh beams ensure high-capacity weighing for cattle and large animals. Durable, weather-resistant, and easy to set up.Request your price today.","robots":{"index":"index","follow":"follow","max-snippet":"max-snippet:-1","max-image-preview":"max-image-preview:large","max-video-preview":"max-video-preview:-1"},"canonical":"https:\/\/hirancher.com\/fr\/shop\/abh-weighing-beams\/","og_locale":"fr_FR","og_type":"article","og_title":"ABH 5000kg Double Deck Weigh Beams | Livestock Weighing Load Bar","og_description":"HiRancher ABH double-deck weigh beams ensure high-capacity weighing for cattle and large animals. Durable, weather-resistant, and easy to set up.Request your price today.","og_url":"https:\/\/hirancher.com\/fr\/shop\/abh-weighing-beams\/","og_site_name":"Hirancher","article_publisher":"https:\/\/www.facebook.com\/Hirancher","article_modified_time":"2026-02-02T08:23:11+00:00","og_image":[{"width":1000,"height":1000,"url":"https:\/\/hirancher.com\/wp-content\/uploads\/2025\/06\/ABH-\u5c01\u9762-1.png","type":"image\/png"}],"twitter_card":"summary_large_image","twitter_misc":{"Dur\u00e9e de lecture estim\u00e9e":"4 minutes"},"schema":{"@context":"https:\/\/schema.org","@graph":[{"@type":"WebPage","@id":"https:\/\/hirancher.com\/shop\/abh-weighing-beams\/","url":"https:\/\/hirancher.com\/shop\/abh-weighing-beams\/","name":"ABH 5000kg Double Deck Weigh Beams | Livestock Weighing Load Bar","isPartOf":{"@id":"https:\/\/hirancher.com\/#website"},"primaryImageOfPage":{"@id":"https:\/\/hirancher.com\/shop\/abh-weighing-beams\/#primaryimage"},"image":{"@id":"https:\/\/hirancher.com\/shop\/abh-weighing-beams\/#primaryimage"},"thumbnailUrl":"https:\/\/hirancher.com\/wp-content\/uploads\/2025\/06\/ABH-\u5c01\u9762-1.png","datePublished":"2025-06-27T02:09:37+00:00","dateModified":"2026-02-02T08:23:11+00:00","description":"HiRancher ABH double-deck weigh beams ensure high-capacity weighing for cattle and large animals. Durable, weather-resistant, and easy to set up.Request your price today.","breadcrumb":{"@id":"https:\/\/hirancher.com\/shop\/abh-weighing-beams\/#breadcrumb"},"inLanguage":"fr-FR","potentialAction":[{"@type":"ReadAction","target":["https:\/\/hirancher.com\/shop\/abh-weighing-beams\/"]}]},{"@type":"ImageObject","inLanguage":"fr-FR","@id":"https:\/\/hirancher.com\/shop\/abh-weighing-beams\/#primaryimage","url":"https:\/\/hirancher.com\/wp-content\/uploads\/2025\/06\/ABH-\u5c01\u9762-1.png","contentUrl":"https:\/\/hirancher.com\/wp-content\/uploads\/2025\/06\/ABH-\u5c01\u9762-1.png","width":1000,"height":1000,"caption":"ABH double-deck weighing beam"},{"@type":"BreadcrumbList","@id":"https:\/\/hirancher.com\/shop\/abh-weighing-beams\/#breadcrumb","itemListElement":[{"@type":"ListItem","position":1,"name":"\u9996\u9875","item":"https:\/\/hirancher.com\/"},{"@type":"ListItem","position":2,"name":"Shop","item":"https:\/\/hirancher.com\/shop\/"},{"@type":"ListItem","position":3,"name":"ABH"}]},{"@type":"WebSite","@id":"https:\/\/hirancher.com\/#website","url":"https:\/\/hirancher.com\/","name":"Hirancher","description":"Smart Livestock Management System","publisher":{"@id":"https:\/\/hirancher.com\/#organization"},"potentialAction":[{"@type":"SearchAction","target":{"@type":"EntryPoint","urlTemplate":"https:\/\/hirancher.com\/?s={search_term_string}"},"query-input":{"@type":"PropertyValueSpecification","valueRequired":true,"valueName":"search_term_string"}}],"inLanguage":"fr-FR"},{"@type":"Organization","@id":"https:\/\/hirancher.com\/#organization","name":"Hirancher","url":"https:\/\/hirancher.com\/","logo":{"@type":"ImageObject","inLanguage":"fr-FR","@id":"https:\/\/hirancher.com\/#\/schema\/logo\/image\/","url":"https:\/\/hirancher.com\/wp-content\/uploads\/2025\/06\/\u5fae\u4fe1\u56fe\u7247_20250617164751.png","contentUrl":"https:\/\/hirancher.com\/wp-content\/uploads\/2025\/06\/\u5fae\u4fe1\u56fe\u7247_20250617164751.png","width":853,"height":132,"caption":"Hirancher"},"image":{"@id":"https:\/\/hirancher.com\/#\/schema\/logo\/image\/"},"sameAs":["https:\/\/www.facebook.com\/Hirancher","https:\/\/www.youtube.com\/@hirancher","https:\/\/www.linkedin.com\/company\/hirancher\/"]}]}},"_links":{"self":[{"href":"https:\/\/hirancher.com\/fr\/wp-json\/wp\/v2\/product\/3857","targetHints":{"allow":["GET"]}}],"collection":[{"href":"https:\/\/hirancher.com\/fr\/wp-json\/wp\/v2\/product"}],"about":[{"href":"https:\/\/hirancher.com\/fr\/wp-json\/wp\/v2\/types\/product"}],"replies":[{"embeddable":true,"href":"https:\/\/hirancher.com\/fr\/wp-json\/wp\/v2\/comments?post=3857"}],"wp:featuredmedia":[{"embeddable":true,"href":"https:\/\/hirancher.com\/fr\/wp-json\/wp\/v2\/media\/4541"}],"wp:attachment":[{"href":"https:\/\/hirancher.com\/fr\/wp-json\/wp\/v2\/media?parent=3857"}],"wp:term":[{"taxonomy":"product_brand","embeddable":true,"href":"https:\/\/hirancher.com\/fr\/wp-json\/wp\/v2\/product_brand?post=3857"},{"taxonomy":"product_cat","embeddable":true,"href":"https:\/\/hirancher.com\/fr\/wp-json\/wp\/v2\/product_cat?post=3857"},{"taxonomy":"product_tag","embeddable":true,"href":"https:\/\/hirancher.com\/fr\/wp-json\/wp\/v2\/product_tag?post=3857"}],"curies":[{"name":"wp","href":"https:\/\/api.w.org\/{rel}","templated":true}]}}