{"id":3751,"date":"2025-06-19T03:12:48","date_gmt":"2025-06-19T03:12:48","guid":{"rendered":"https:\/\/deeppink-lobster-324632.hostingersite.com\/?page_id=3751"},"modified":"2025-07-01T07:13:53","modified_gmt":"2025-07-01T07:13:53","slug":"video","status":"publish","type":"page","link":"https:\/\/hirancher.com\/fr\/video\/","title":{"rendered":"Vid\u00e9o"},"content":{"rendered":"<div data-elementor-type=\"wp-page\" data-elementor-id=\"3751\" class=\"elementor elementor-3751\" data-elementor-post-type=\"page\">\n\t\t\t\t<div class=\"elementor-element elementor-element-7aa1833 e-flex e-con-boxed e-con e-parent\" data-id=\"7aa1833\" data-element_type=\"container\" data-e-type=\"container\" data-settings=\"{&quot;background_background&quot;:&quot;classic&quot;}\">\n\t\t\t\t\t<div class=\"e-con-inner\">\n\t\t\t\t<div class=\"elementor-element elementor-element-ad861d8 elementor-widget elementor-widget-heading\" data-id=\"ad861d8\" data-element_type=\"widget\" data-e-type=\"widget\" data-widget_type=\"heading.default\">\n\t\t\t\t<div class=\"elementor-widget-container\">\n\t\t\t\t\t<h2 class=\"elementor-heading-title elementor-size-default\">Vid\u00e9o<\/h2>\t\t\t\t<\/div>\n\t\t\t\t<\/div>\n\t\t\t\t\t<\/div>\n\t\t\t\t<\/div>\n\t\t<div class=\"elementor-element elementor-element-d47bd88 e-flex e-con-boxed e-con e-parent\" data-id=\"d47bd88\" data-element_type=\"container\" data-e-type=\"container\">\n\t\t\t\t\t<div class=\"e-con-inner\">\n\t\t\t\t<div class=\"elementor-element elementor-element-4750338 elementor-grid-3 elementor-grid-tablet-2 elementor-grid-mobile-1 elementor-posts--thumbnail-top elementor-widget elementor-widget-posts\" data-id=\"4750338\" data-element_type=\"widget\" data-e-type=\"widget\" data-settings=\"{&quot;classic_row_gap_mobile&quot;:{&quot;unit&quot;:&quot;px&quot;,&quot;size&quot;:50,&quot;sizes&quot;:[]},&quot;classic_columns&quot;:&quot;3&quot;,&quot;classic_columns_tablet&quot;:&quot;2&quot;,&quot;classic_columns_mobile&quot;:&quot;1&quot;,&quot;classic_row_gap&quot;:{&quot;unit&quot;:&quot;px&quot;,&quot;size&quot;:35,&quot;sizes&quot;:[]},&quot;classic_row_gap_tablet&quot;:{&quot;unit&quot;:&quot;px&quot;,&quot;size&quot;:&quot;&quot;,&quot;sizes&quot;:[]}}\" data-widget_type=\"posts.classic\">\n\t\t\t\t<div class=\"elementor-widget-container\">\n\t\t\t\t\t\t\t<div class=\"elementor-posts-container elementor-posts elementor-posts--skin-classic elementor-grid\">\n\t\t\t\t<article class=\"elementor-post elementor-grid-item post-5348 post type-post status-publish format-video has-post-thumbnail hentry category-video post_format-post-format-video\">\n\t\t\t\t<a class=\"elementor-post__thumbnail__link\" href=\"https:\/\/hirancher.com\/fr\/durable-load-bars-to-weigh-your-cattle-sheep-pigs-with-ease\/\" tabindex=\"-1\" >\n\t\t\t<div class=\"elementor-post__thumbnail\"><img fetchpriority=\"high\" decoding=\"async\" width=\"1000\" height=\"562\" src=\"https:\/\/hirancher.com\/wp-content\/uploads\/2025\/08\/ABH.jpg\" class=\"attachment-full size-full wp-image-5349\" alt=\"livestock load bars\" srcset=\"https:\/\/hirancher.com\/wp-content\/uploads\/2025\/08\/ABH.jpg 1000w, https:\/\/hirancher.com\/wp-content\/uploads\/2025\/08\/ABH-300x169.jpg 300w, https:\/\/hirancher.com\/wp-content\/uploads\/2025\/08\/ABH-768x432.jpg 768w, https:\/\/hirancher.com\/wp-content\/uploads\/2025\/08\/ABH-600x337.jpg 600w\" sizes=\"(max-width: 1000px) 100vw, 1000px\" \/><\/div>\n\t\t<\/a>\n\t\t\t\t<div class=\"elementor-post__text\">\n\t\t\t\t<h3 class=\"elementor-post__title\">\n\t\t\t<a href=\"https:\/\/hirancher.com\/fr\/durable-load-bars-to-weigh-your-cattle-sheep-pigs-with-ease\/\" >\n\t\t\t\tBarres de charge durables pour peser facilement vos bovins, moutons et porcs\t\t\t<\/a>\n\t\t<\/h3>\n\t\t\t\t<div class=\"elementor-post__meta-data\">\n\t\t\t\t\t<span class=\"elementor-post-date\">\n\t\t\tao\u00fbt 19, 2025\t\t<\/span>\n\t\t\t\t<\/div>\n\t\t\t\t<div class=\"elementor-post__excerpt\">\n\t\t\t<p>Si vous recherchez un moyen simple, pr\u00e9cis et durable de peser vos animaux dans votre ferme, les barres de charge durables ABH vous offrent la flexibilit\u00e9 dont vous avez besoin. Les agriculteurs les utilisent quotidiennement pour peser bovins, ovins, porcins et caprins, ce qui en fait une solution \u00e9conomique pour les petites et moyennes exploitations.<\/p>\n\t\t<\/div>\n\t\t\n\t\t<a class=\"elementor-post__read-more\" href=\"https:\/\/hirancher.com\/fr\/durable-load-bars-to-weigh-your-cattle-sheep-pigs-with-ease\/\" aria-label=\"Read more about Durable Load Bars to Weigh Your Cattle, Sheep &#038; Pigs with Ease\" tabindex=\"-1\" >\n\t\t\tEn savoir plus  \u00bb\t\t<\/a>\n\n\t\t\t\t<\/div>\n\t\t\t\t<\/article>\n\t\t\t\t<article class=\"elementor-post elementor-grid-item post-5252 post type-post status-publish format-video has-post-thumbnail hentry category-video post_format-post-format-video\">\n\t\t\t\t<a class=\"elementor-post__thumbnail__link\" href=\"https:\/\/hirancher.com\/fr\/why-abt-load-bars-stand-out\/\" tabindex=\"-1\" >\n\t\t\t<div class=\"elementor-post__thumbnail\"><img decoding=\"async\" width=\"1000\" height=\"559\" src=\"https:\/\/hirancher.com\/wp-content\/uploads\/2025\/07\/ABT-TEST.png\" class=\"attachment-full size-full wp-image-5253\" alt=\"livestock load bar scales\" srcset=\"https:\/\/hirancher.com\/wp-content\/uploads\/2025\/07\/ABT-TEST.png 1000w, https:\/\/hirancher.com\/wp-content\/uploads\/2025\/07\/ABT-TEST-300x168.png 300w, https:\/\/hirancher.com\/wp-content\/uploads\/2025\/07\/ABT-TEST-768x429.png 768w, https:\/\/hirancher.com\/wp-content\/uploads\/2025\/07\/ABT-TEST-600x335.png 600w\" sizes=\"(max-width: 1000px) 100vw, 1000px\" \/><\/div>\n\t\t<\/a>\n\t\t\t\t<div class=\"elementor-post__text\">\n\t\t\t\t<h3 class=\"elementor-post__title\">\n\t\t\t<a href=\"https:\/\/hirancher.com\/fr\/why-abt-load-bars-stand-out\/\" >\n\t\t\t\tPourquoi les barres de charge ABT se d\u00e9marquent | \u00c9tanches, durables et fiables\t\t\t<\/a>\n\t\t<\/h3>\n\t\t\t\t<div class=\"elementor-post__meta-data\">\n\t\t\t\t\t<span class=\"elementor-post-date\">\n\t\t\tjuillet 30, 2025\t\t<\/span>\n\t\t\t\t<\/div>\n\t\t\t\t<div class=\"elementor-post__excerpt\">\n\t\t\t<p>Vous recherchez des barres de charge fiables, robustes et pr\u00eates \u00e0 relever de v\u00e9ritables d\u00e9fis\u00a0? Dans cette vid\u00e9o, nous vous montrerons pourquoi les barres de charge ABT sont le choix id\u00e9al pour les syst\u00e8mes de pesage des fermes et du b\u00e9tail. Caract\u00e9ristiques\u00a0: Construction l\u00e9g\u00e8re pour une manipulation ais\u00e9e\u00a0; Diff\u00e9rentes capacit\u00e9s et longueurs.<\/p>\n\t\t<\/div>\n\t\t\n\t\t<a class=\"elementor-post__read-more\" href=\"https:\/\/hirancher.com\/fr\/why-abt-load-bars-stand-out\/\" aria-label=\"Read more about Why ABT Load Bars Stand Out | Waterproof, Durable, Reliable\" tabindex=\"-1\" >\n\t\t\tEn savoir plus  \u00bb\t\t<\/a>\n\n\t\t\t\t<\/div>\n\t\t\t\t<\/article>\n\t\t\t\t<article class=\"elementor-post elementor-grid-item post-5139 post type-post status-publish format-video has-post-thumbnail hentry category-video post_format-post-format-video\">\n\t\t\t\t<a class=\"elementor-post__thumbnail__link\" href=\"https:\/\/hirancher.com\/fr\/common-faults-and-detection-methods-of-abt-weigh-beams\/\" tabindex=\"-1\" >\n\t\t\t<div class=\"elementor-post__thumbnail\"><img decoding=\"async\" width=\"1000\" height=\"558\" src=\"https:\/\/hirancher.com\/wp-content\/uploads\/2025\/07\/ABT.png\" class=\"attachment-full size-full wp-image-5142\" alt=\"ABT heavy duty load bars\" srcset=\"https:\/\/hirancher.com\/wp-content\/uploads\/2025\/07\/ABT.png 1000w, https:\/\/hirancher.com\/wp-content\/uploads\/2025\/07\/ABT-300x167.png 300w, https:\/\/hirancher.com\/wp-content\/uploads\/2025\/07\/ABT-768x429.png 768w, https:\/\/hirancher.com\/wp-content\/uploads\/2025\/07\/ABT-600x335.png 600w\" sizes=\"(max-width: 1000px) 100vw, 1000px\" \/><\/div>\n\t\t<\/a>\n\t\t\t\t<div class=\"elementor-post__text\">\n\t\t\t\t<h3 class=\"elementor-post__title\">\n\t\t\t<a href=\"https:\/\/hirancher.com\/fr\/common-faults-and-detection-methods-of-abt-weigh-beams\/\" >\n\t\t\t\tD\u00e9fauts courants et m\u00e9thodes de d\u00e9tection des poutres de pesage ABT\t\t\t<\/a>\n\t\t<\/h3>\n\t\t\t\t<div class=\"elementor-post__meta-data\">\n\t\t\t\t\t<span class=\"elementor-post-date\">\n\t\t\tjuillet 18, 2025\t\t<\/span>\n\t\t\t\t<\/div>\n\t\t\t\t<div class=\"elementor-post__excerpt\">\n\t\t\t<p>Les poutres de pes\u00e9e ne fonctionnent pas\u00a0? Cette vid\u00e9o vous aide \u00e0 r\u00e9soudre facilement le probl\u00e8me\u00a0! Que vous soyez \u00e9leveur, technicien de balance ou revendeur, savoir identifier une panne de poutre de pes\u00e9e peut vous faire gagner du temps et de l'argent. Barres de charge robustes Cette vid\u00e9o couvre les d\u00e9fauts courants des barres de pes\u00e9e.<\/p>\n\t\t<\/div>\n\t\t\n\t\t<a class=\"elementor-post__read-more\" href=\"https:\/\/hirancher.com\/fr\/common-faults-and-detection-methods-of-abt-weigh-beams\/\" aria-label=\"Read more about Common Faults and Detection Methods of ABT Weigh Beams\" tabindex=\"-1\" >\n\t\t\tEn savoir plus  \u00bb\t\t<\/a>\n\n\t\t\t\t<\/div>\n\t\t\t\t<\/article>\n\t\t\t\t<article class=\"elementor-post elementor-grid-item post-3802 post type-post status-publish format-video has-post-thumbnail hentry category-video post_format-post-format-video\">\n\t\t\t\t<a class=\"elementor-post__thumbnail__link\" href=\"https:\/\/hirancher.com\/fr\/how-to-calibrate-abt-load-bars%ef%bc%9f\/\" tabindex=\"-1\" >\n\t\t\t<div class=\"elementor-post__thumbnail\"><img loading=\"lazy\" decoding=\"async\" width=\"2560\" height=\"1601\" src=\"https:\/\/hirancher.com\/wp-content\/uploads\/2025\/06\/\u5fae\u4fe1\u56fe\u7247_20250625140043-scaled.jpg\" class=\"attachment-full size-full wp-image-3809\" alt=\"Weighing beam calibration\" srcset=\"https:\/\/hirancher.com\/wp-content\/uploads\/2025\/06\/\u5fae\u4fe1\u56fe\u7247_20250625140043-scaled.jpg 2560w, https:\/\/hirancher.com\/wp-content\/uploads\/2025\/06\/\u5fae\u4fe1\u56fe\u7247_20250625140043-300x188.jpg 300w, https:\/\/hirancher.com\/wp-content\/uploads\/2025\/06\/\u5fae\u4fe1\u56fe\u7247_20250625140043-1024x641.jpg 1024w, https:\/\/hirancher.com\/wp-content\/uploads\/2025\/06\/\u5fae\u4fe1\u56fe\u7247_20250625140043-768x480.jpg 768w, https:\/\/hirancher.com\/wp-content\/uploads\/2025\/06\/\u5fae\u4fe1\u56fe\u7247_20250625140043-1536x961.jpg 1536w, https:\/\/hirancher.com\/wp-content\/uploads\/2025\/06\/\u5fae\u4fe1\u56fe\u7247_20250625140043-600x375.jpg 600w\" sizes=\"(max-width: 2560px) 100vw, 2560px\" \/><\/div>\n\t\t<\/a>\n\t\t\t\t<div class=\"elementor-post__text\">\n\t\t\t\t<h3 class=\"elementor-post__title\">\n\t\t\t<a href=\"https:\/\/hirancher.com\/fr\/how-to-calibrate-abt-load-bars%ef%bc%9f\/\" >\n\t\t\t\tComment calibrer les barres de charge ABT\u00a0?\t\t\t<\/a>\n\t\t<\/h3>\n\t\t\t\t<div class=\"elementor-post__meta-data\">\n\t\t\t\t\t<span class=\"elementor-post-date\">\n\t\t\tjuin 25, 2025\t\t<\/span>\n\t\t\t\t<\/div>\n\t\t\t\t<div class=\"elementor-post__excerpt\">\n\t\t\t<p>Dans cette vid\u00e9o, nous vous expliquons \u00e9tape par \u00e9tape le processus d'\u00e9talonnage complet, de la configuration initiale \u00e0 l'application des poids de test et \u00e0 la v\u00e9rification des r\u00e9sultats. Que vous installiez un nouveau syst\u00e8me ou que vous le r\u00e9\u00e9talonniez apr\u00e8s une maintenance, ce guide vous aidera \u00e0 optimiser les performances de votre \u00e9quipement. &nbsp;<\/p>\n\t\t<\/div>\n\t\t\n\t\t<a class=\"elementor-post__read-more\" href=\"https:\/\/hirancher.com\/fr\/how-to-calibrate-abt-load-bars%ef%bc%9f\/\" aria-label=\"Read more about How to Calibrate ABT Load Bars\uff1f\" tabindex=\"-1\" >\n\t\t\tEn savoir plus  \u00bb\t\t<\/a>\n\n\t\t\t\t<\/div>\n\t\t\t\t<\/article>\n\t\t\t\t<\/div>\n\t\t\n\t\t\t\t\t\t<\/div>\n\t\t\t\t<\/div>\n\t\t\t\t\t<\/div>\n\t\t\t\t<\/div>\n\t\t\t\t<\/div>","protected":false},"excerpt":{"rendered":"<p>Vid\u00e9o<\/p>","protected":false},"author":1,"featured_media":0,"parent":0,"menu_order":0,"comment_status":"closed","ping_status":"closed","template":"full-width.php","meta":{"footnotes":""},"class_list":["post-3751","page","type-page","status-publish","hentry"],"yoast_head":"<!-- This site is optimized with the Yoast SEO plugin v27.3 - https:\/\/yoast.com\/product\/yoast-seo-wordpress\/ -->\n<title>Video - Hirancher<\/title>\n<meta name=\"robots\" content=\"index, follow, max-snippet:-1, max-image-preview:large, max-video-preview:-1\" \/>\n<link rel=\"canonical\" href=\"https:\/\/hirancher.com\/fr\/video\/\" \/>\n<meta property=\"og:locale\" content=\"fr_FR\" \/>\n<meta property=\"og:type\" content=\"article\" \/>\n<meta property=\"og:title\" content=\"Video - Hirancher\" \/>\n<meta property=\"og:description\" content=\"Video\" \/>\n<meta property=\"og:url\" content=\"https:\/\/hirancher.com\/fr\/video\/\" \/>\n<meta property=\"og:site_name\" content=\"Hirancher\" \/>\n<meta property=\"article:publisher\" content=\"https:\/\/www.facebook.com\/Hirancher\" \/>\n<meta property=\"article:modified_time\" content=\"2025-07-01T07:13:53+00:00\" \/>\n<meta name=\"twitter:card\" content=\"summary_large_image\" \/>\n<script type=\"application\/ld+json\" class=\"yoast-schema-graph\">{\"@context\":\"https:\\\/\\\/schema.org\",\"@graph\":[{\"@type\":\"WebPage\",\"@id\":\"https:\\\/\\\/hirancher.com\\\/video\\\/\",\"url\":\"https:\\\/\\\/hirancher.com\\\/video\\\/\",\"name\":\"Video - Hirancher\",\"isPartOf\":{\"@id\":\"https:\\\/\\\/hirancher.com\\\/#website\"},\"datePublished\":\"2025-06-19T03:12:48+00:00\",\"dateModified\":\"2025-07-01T07:13:53+00:00\",\"breadcrumb\":{\"@id\":\"https:\\\/\\\/hirancher.com\\\/video\\\/#breadcrumb\"},\"inLanguage\":\"fr-FR\",\"potentialAction\":[{\"@type\":\"ReadAction\",\"target\":[\"https:\\\/\\\/hirancher.com\\\/video\\\/\"]}]},{\"@type\":\"BreadcrumbList\",\"@id\":\"https:\\\/\\\/hirancher.com\\\/video\\\/#breadcrumb\",\"itemListElement\":[{\"@type\":\"ListItem\",\"position\":1,\"name\":\"\u9996\u9875\",\"item\":\"https:\\\/\\\/hirancher.com\\\/\"},{\"@type\":\"ListItem\",\"position\":2,\"name\":\"Video\"}]},{\"@type\":\"WebSite\",\"@id\":\"https:\\\/\\\/hirancher.com\\\/#website\",\"url\":\"https:\\\/\\\/hirancher.com\\\/\",\"name\":\"Hirancher\",\"description\":\"Smart Livestock Management System\",\"publisher\":{\"@id\":\"https:\\\/\\\/hirancher.com\\\/#organization\"},\"potentialAction\":[{\"@type\":\"SearchAction\",\"target\":{\"@type\":\"EntryPoint\",\"urlTemplate\":\"https:\\\/\\\/hirancher.com\\\/?s={search_term_string}\"},\"query-input\":{\"@type\":\"PropertyValueSpecification\",\"valueRequired\":true,\"valueName\":\"search_term_string\"}}],\"inLanguage\":\"fr-FR\"},{\"@type\":\"Organization\",\"@id\":\"https:\\\/\\\/hirancher.com\\\/#organization\",\"name\":\"Hirancher\",\"url\":\"https:\\\/\\\/hirancher.com\\\/\",\"logo\":{\"@type\":\"ImageObject\",\"inLanguage\":\"fr-FR\",\"@id\":\"https:\\\/\\\/hirancher.com\\\/#\\\/schema\\\/logo\\\/image\\\/\",\"url\":\"https:\\\/\\\/hirancher.com\\\/wp-content\\\/uploads\\\/2025\\\/06\\\/\u5fae\u4fe1\u56fe\u7247_20250617164751.png\",\"contentUrl\":\"https:\\\/\\\/hirancher.com\\\/wp-content\\\/uploads\\\/2025\\\/06\\\/\u5fae\u4fe1\u56fe\u7247_20250617164751.png\",\"width\":853,\"height\":132,\"caption\":\"Hirancher\"},\"image\":{\"@id\":\"https:\\\/\\\/hirancher.com\\\/#\\\/schema\\\/logo\\\/image\\\/\"},\"sameAs\":[\"https:\\\/\\\/www.facebook.com\\\/Hirancher\",\"https:\\\/\\\/www.youtube.com\\\/@hirancher\",\"https:\\\/\\\/www.linkedin.com\\\/company\\\/hirancher\\\/\"]}]}<\/script>\n<!-- \/ Yoast SEO plugin. -->","yoast_head_json":{"title":"Video - Hirancher","robots":{"index":"index","follow":"follow","max-snippet":"max-snippet:-1","max-image-preview":"max-image-preview:large","max-video-preview":"max-video-preview:-1"},"canonical":"https:\/\/hirancher.com\/fr\/video\/","og_locale":"fr_FR","og_type":"article","og_title":"Video - Hirancher","og_description":"Video","og_url":"https:\/\/hirancher.com\/fr\/video\/","og_site_name":"Hirancher","article_publisher":"https:\/\/www.facebook.com\/Hirancher","article_modified_time":"2025-07-01T07:13:53+00:00","twitter_card":"summary_large_image","schema":{"@context":"https:\/\/schema.org","@graph":[{"@type":"WebPage","@id":"https:\/\/hirancher.com\/video\/","url":"https:\/\/hirancher.com\/video\/","name":"Video - Hirancher","isPartOf":{"@id":"https:\/\/hirancher.com\/#website"},"datePublished":"2025-06-19T03:12:48+00:00","dateModified":"2025-07-01T07:13:53+00:00","breadcrumb":{"@id":"https:\/\/hirancher.com\/video\/#breadcrumb"},"inLanguage":"fr-FR","potentialAction":[{"@type":"ReadAction","target":["https:\/\/hirancher.com\/video\/"]}]},{"@type":"BreadcrumbList","@id":"https:\/\/hirancher.com\/video\/#breadcrumb","itemListElement":[{"@type":"ListItem","position":1,"name":"\u9996\u9875","item":"https:\/\/hirancher.com\/"},{"@type":"ListItem","position":2,"name":"Video"}]},{"@type":"WebSite","@id":"https:\/\/hirancher.com\/#website","url":"https:\/\/hirancher.com\/","name":"Hirancher","description":"Smart Livestock Management System","publisher":{"@id":"https:\/\/hirancher.com\/#organization"},"potentialAction":[{"@type":"SearchAction","target":{"@type":"EntryPoint","urlTemplate":"https:\/\/hirancher.com\/?s={search_term_string}"},"query-input":{"@type":"PropertyValueSpecification","valueRequired":true,"valueName":"search_term_string"}}],"inLanguage":"fr-FR"},{"@type":"Organization","@id":"https:\/\/hirancher.com\/#organization","name":"Hirancher","url":"https:\/\/hirancher.com\/","logo":{"@type":"ImageObject","inLanguage":"fr-FR","@id":"https:\/\/hirancher.com\/#\/schema\/logo\/image\/","url":"https:\/\/hirancher.com\/wp-content\/uploads\/2025\/06\/\u5fae\u4fe1\u56fe\u7247_20250617164751.png","contentUrl":"https:\/\/hirancher.com\/wp-content\/uploads\/2025\/06\/\u5fae\u4fe1\u56fe\u7247_20250617164751.png","width":853,"height":132,"caption":"Hirancher"},"image":{"@id":"https:\/\/hirancher.com\/#\/schema\/logo\/image\/"},"sameAs":["https:\/\/www.facebook.com\/Hirancher","https:\/\/www.youtube.com\/@hirancher","https:\/\/www.linkedin.com\/company\/hirancher\/"]}]}},"_links":{"self":[{"href":"https:\/\/hirancher.com\/fr\/wp-json\/wp\/v2\/pages\/3751","targetHints":{"allow":["GET"]}}],"collection":[{"href":"https:\/\/hirancher.com\/fr\/wp-json\/wp\/v2\/pages"}],"about":[{"href":"https:\/\/hirancher.com\/fr\/wp-json\/wp\/v2\/types\/page"}],"author":[{"embeddable":true,"href":"https:\/\/hirancher.com\/fr\/wp-json\/wp\/v2\/users\/1"}],"replies":[{"embeddable":true,"href":"https:\/\/hirancher.com\/fr\/wp-json\/wp\/v2\/comments?post=3751"}],"version-history":[{"count":19,"href":"https:\/\/hirancher.com\/fr\/wp-json\/wp\/v2\/pages\/3751\/revisions"}],"predecessor-version":[{"id":4344,"href":"https:\/\/hirancher.com\/fr\/wp-json\/wp\/v2\/pages\/3751\/revisions\/4344"}],"wp:attachment":[{"href":"https:\/\/hirancher.com\/fr\/wp-json\/wp\/v2\/media?parent=3751"}],"curies":[{"name":"wp","href":"https:\/\/api.w.org\/{rel}","templated":true}]}}