{"id":5297,"date":"2025-08-05T02:40:07","date_gmt":"2025-08-05T02:40:07","guid":{"rendered":"https:\/\/hirancher.com\/?post_type=product&#038;p=5297"},"modified":"2026-01-30T07:29:16","modified_gmt":"2026-01-30T07:29:16","slug":"vt-xl-rs","status":"publish","type":"product","link":"https:\/\/hirancher.com\/es\/shop\/vt-xl-rs\/","title":{"rendered":"VT-XL-RS"},"content":{"rendered":"<p>El crotal visual VT-XL-RS consta de un crotal macho redondo y un crotal hembra cuadrado extragrande. El panel extragrande ofrece amplio espacio para d\u00edgitos grandes, c\u00f3digos de barras o logotipos. Su perno macho redondo ergon\u00f3mico minimiza la fricci\u00f3n en la parte posterior de la oreja, lo que lo hace ideal para uso continuo en animales grandes, como ganado vacuno de carne o lechero.<\/p>\n<p>As a professional <a href=\"\/es\/ear-tag\/\"><strong data-start=\"451\" data-end=\"475\">ear tag manufacturer<\/strong><\/a>, HiRancher supplies durable and highly visible <strong data-start=\"523\" data-end=\"548\">large cattle ear tags<\/strong> designed for clear visual identification in commercial cattle operations.<br data-start=\"622\" data-end=\"625\" \/>These ear tags are commonly used in beef cattle farms, dairy herds, feedlots, and large-scale livestock operations where long-distance readability and durable identification are essential.<\/p>\n<h4>Caracter\u00edsticas<\/h4>\n<ul>\n<li>Dise\u00f1o redondo para hombre + dise\u00f1o cuadrado XL para mujer<\/li>\n<\/ul>\n<p>C\u00f3modo contacto trasero con m\u00e1xima visibilidad frontal<\/p>\n<ul>\n<li>Panel extra grande<\/li>\n<\/ul>\n<p>Adecuado para identificaci\u00f3n visual a larga distancia o marcado de c\u00f3digos QR\/de barras<\/p>\n<ul>\n<li>Ideal para ganado grande<\/li>\n<\/ul>\n<p>Dise\u00f1ado para ganado vacuno y ovino adulto.<\/p>\n<ul>\n<li>Sistema de bloqueo cerrado seguro<\/li>\n<\/ul>\n<p>Resistente a manipulaciones y duradero para uso a largo plazo.<\/p>\n<h4>Aplicaciones<\/h4>\n<ul>\n<li>Identificaci\u00f3n de vacas y terneros<\/li>\n<li>Seguimiento de corrales de engorde<\/li>\n<li>Manejo del reba\u00f1o lechero<\/li>\n<li>Monitoreo de la salud animal mediante c\u00f3digo QR<\/li>\n<\/ul>\n<h3 data-start=\"2546\" data-end=\"2591\">Designed for Large-Scale Farm Environments<\/h3>\n<p data-start=\"2593\" data-end=\"2760\">Large cattle operations require identification solutions that remain visible and reliable over time.<br data-start=\"2693\" data-end=\"2696\" \/>HiRancher large cattle ear tags are developed with attention to:<\/p>\n<ul>\n<li data-start=\"2764\" data-end=\"2787\">Long-term outdoor use<\/li>\n<li data-start=\"2790\" data-end=\"2846\">Resistance to routine wear during feeding and handling<\/li>\n<li data-start=\"2849\" data-end=\"2887\">Practical size for adult cattle ears<\/li>\n<li data-start=\"2890\" data-end=\"2939\">Clear readability without electronic components<\/li>\n<\/ul>\n<p data-start=\"2941\" data-end=\"3058\">They are an effective solution for farms that rely on <strong data-start=\"2995\" data-end=\"3025\">fast visual identification<\/strong> rather than electronic scanning.<\/p>\n<h3 data-start=\"3065\" data-end=\"3112\">Compatibility with Cattle Management Systems<\/h3>\n<p data-start=\"3114\" data-end=\"3190\">Although non-electronic, large cattle ear tags are often used together with:<\/p>\n<ul>\n<li data-start=\"3194\" data-end=\"3219\">Cattle weighing systems<\/li>\n<li data-start=\"3222\" data-end=\"3261\">Cattle crushes and handling equipment<\/li>\n<li data-start=\"3264\" data-end=\"3298\">Visual herd management workflows<\/li>\n<li data-start=\"3301\" data-end=\"3335\">Manual or digital cattle records<\/li>\n<\/ul>\n<p data-start=\"3337\" data-end=\"3420\">They can also complement EID systems when visual backup identification is required.<\/p>\n<h3 data-start=\"3427\" data-end=\"3463\">Manufacturing &amp; Supply Capability<\/h3>\n<p data-start=\"3465\" data-end=\"3542\">As an experienced <strong data-start=\"3483\" data-end=\"3521\">large cattle ear tags manufacturer<\/strong>, HiRancher supports:<\/p>\n<ul>\n<li data-start=\"3546\" data-end=\"3598\">Stable bulk production for commercial cattle farms<\/li>\n<li data-start=\"3634\" data-end=\"3662\">Consistent quality control<\/li>\n<li data-start=\"3665\" data-end=\"3716\">Long-term supply for distributors and integrators<\/li>\n<\/ul>\n<p data-start=\"3718\" data-end=\"3838\">Customization options such as color selection, marking format, and tag size may be available depending on project needs.<\/p>\n<h3 data-start=\"3845\" data-end=\"3891\">Why Choose HiRancher Large Cattle Ear Tags?<\/h3>\n<ul>\n<li data-start=\"3895\" data-end=\"3923\">Manufacturer-direct supply<\/li>\n<li data-start=\"3926\" data-end=\"3975\">Designed specifically for cattle identification<\/li>\n<li data-start=\"3978\" data-end=\"4011\">Large, easy-to-read tag surface<\/li>\n<li data-start=\"4014\" data-end=\"4064\">Suitable for beef, dairy, and feedlot operations<\/li>\n<li data-start=\"4067\" data-end=\"4116\">Proven use in commercial livestock environments<\/li>\n<\/ul>\n<p data-start=\"4118\" data-end=\"4209\">Our focus is on <strong data-start=\"4134\" data-end=\"4174\">practical identification performance<\/strong>, not decorative tagging solutions.<\/p>\n<div style=\"margin-top: 16px;\"><a class=\"get_quote\" style=\"background: #10416C; color: #ffffff; padding: 10px 20px; margin-left: 8px;\" href=\"https:\/\/hirancher.com\/es\/contact-us\/\">CONTACT US<\/a><\/div>\n<h4>Preguntas frecuentes<\/h4>\n<ul>\n<li>\u00bfEs reutilizable la etiqueta visual para la oreja?<\/li>\n<\/ul>\n<p>No, visuales <a href=\"https:\/\/hirancher.com\/es\/shop\/eid-tag\/\">etiquetas en las orejas<\/a> Son etiquetas de un solo uso, a prueba de manipulaciones, dise\u00f1adas para una sola aplicaci\u00f3n.<\/p>\n<ul>\n<li>\u00bfPuedo imprimir logotipos o n\u00fameros personalizados?<\/li>\n<\/ul>\n<p>S\u00ed, disponemos de grabado l\u00e1ser o estampado en caliente. Aceptamos pedidos personalizados con nombres de granjas, n\u00fameros de serie o c\u00f3digos de barras.<\/p>","protected":false},"excerpt":{"rendered":"<ul>\n<li>Material: TPU<\/li>\n<li>Soporta hasta 280 N de tensi\u00f3n.<\/li>\n<li>Tasa de p\u00e9rdida de etiquetas \u22642%<\/li>\n<\/ul>","protected":false},"featured_media":5301,"comment_status":"open","ping_status":"closed","template":"","meta":{"product_extra_description":"<ul>\r\n \t<li>Round Male + XL Square Female Design<\/li>\r\n \t<li>Extra-Large Panel<\/li>\r\n \t<li>Ideal for large livestock<\/li>\r\n \t<li>Secure Closed Locking System<\/li>\r\n<\/ul>","product_overview":"<ul>\r\n \t<li>Material\uff1aTPU<\/li>\r\n \t<li>Withstands up to 280N tension<\/li>\r\n \t<li>Tag loss rate \u22642%<\/li>\r\n<\/ul>","product_attachment":"Catalog\r\n\r\nManual","product_suitable_for":"Group management of beef cattle, dairy cattle, and sheep","product_review":""},"product_brand":[],"product_cat":[306],"product_tag":[],"class_list":{"0":"post-5297","1":"product","2":"type-product","3":"status-publish","4":"has-post-thumbnail","6":"product_cat-ear-tag","8":"first","9":"instock","10":"shipping-taxable","11":"product-type-simple"},"yoast_head":"<!-- This site is optimized with the Yoast SEO plugin v27.3 - https:\/\/yoast.com\/product\/yoast-seo-wordpress\/ -->\n<title>Large Cattle Ear Tags | High-Visibility Livestock Identification - Hirancher<\/title>\n<meta name=\"description\" content=\"VT-XL-RS large cattle ear tags provide secure lock and low detachment rate for long-term animal identification.Request your free quote now.\" \/>\n<meta name=\"robots\" content=\"index, follow, max-snippet:-1, max-image-preview:large, max-video-preview:-1\" \/>\n<link rel=\"canonical\" href=\"https:\/\/hirancher.com\/es\/shop\/vt-xl-rs\/\" \/>\n<meta property=\"og:locale\" content=\"es_ES\" \/>\n<meta property=\"og:type\" content=\"article\" \/>\n<meta property=\"og:title\" content=\"Large Cattle Ear Tags | High-Visibility Livestock Identification - Hirancher\" \/>\n<meta property=\"og:description\" content=\"VT-XL-RS large cattle ear tags provide secure lock and low detachment rate for long-term animal identification.Request your free quote now.\" \/>\n<meta property=\"og:url\" content=\"https:\/\/hirancher.com\/es\/shop\/vt-xl-rs\/\" \/>\n<meta property=\"og:site_name\" content=\"Hirancher\" \/>\n<meta property=\"article:publisher\" content=\"https:\/\/www.facebook.com\/Hirancher\" \/>\n<meta property=\"article:modified_time\" content=\"2026-01-30T07:29:16+00:00\" \/>\n<meta property=\"og:image\" content=\"https:\/\/hirancher.com\/wp-content\/uploads\/2025\/08\/Round-Male-Tag-Female-Tag.png\" \/>\n\t<meta property=\"og:image:width\" content=\"1000\" \/>\n\t<meta property=\"og:image:height\" content=\"1000\" \/>\n\t<meta property=\"og:image:type\" content=\"image\/png\" \/>\n<meta name=\"twitter:card\" content=\"summary_large_image\" \/>\n<meta name=\"twitter:label1\" content=\"Tiempo de lectura\" \/>\n\t<meta name=\"twitter:data1\" content=\"2 minutos\" \/>\n<script type=\"application\/ld+json\" class=\"yoast-schema-graph\">{\"@context\":\"https:\\\/\\\/schema.org\",\"@graph\":[{\"@type\":\"WebPage\",\"@id\":\"https:\\\/\\\/hirancher.com\\\/shop\\\/vt-xl-rs\\\/\",\"url\":\"https:\\\/\\\/hirancher.com\\\/shop\\\/vt-xl-rs\\\/\",\"name\":\"Large Cattle Ear Tags | High-Visibility Livestock Identification - Hirancher\",\"isPartOf\":{\"@id\":\"https:\\\/\\\/hirancher.com\\\/#website\"},\"primaryImageOfPage\":{\"@id\":\"https:\\\/\\\/hirancher.com\\\/shop\\\/vt-xl-rs\\\/#primaryimage\"},\"image\":{\"@id\":\"https:\\\/\\\/hirancher.com\\\/shop\\\/vt-xl-rs\\\/#primaryimage\"},\"thumbnailUrl\":\"https:\\\/\\\/hirancher.com\\\/wp-content\\\/uploads\\\/2025\\\/08\\\/Round-Male-Tag-Female-Tag.png\",\"datePublished\":\"2025-08-05T02:40:07+00:00\",\"dateModified\":\"2026-01-30T07:29:16+00:00\",\"description\":\"VT-XL-RS large cattle ear tags provide secure lock and low detachment rate for long-term animal identification.Request your free quote now.\",\"breadcrumb\":{\"@id\":\"https:\\\/\\\/hirancher.com\\\/shop\\\/vt-xl-rs\\\/#breadcrumb\"},\"inLanguage\":\"es\",\"potentialAction\":[{\"@type\":\"ReadAction\",\"target\":[\"https:\\\/\\\/hirancher.com\\\/shop\\\/vt-xl-rs\\\/\"]}]},{\"@type\":\"ImageObject\",\"inLanguage\":\"es\",\"@id\":\"https:\\\/\\\/hirancher.com\\\/shop\\\/vt-xl-rs\\\/#primaryimage\",\"url\":\"https:\\\/\\\/hirancher.com\\\/wp-content\\\/uploads\\\/2025\\\/08\\\/Round-Male-Tag-Female-Tag.png\",\"contentUrl\":\"https:\\\/\\\/hirancher.com\\\/wp-content\\\/uploads\\\/2025\\\/08\\\/Round-Male-Tag-Female-Tag.png\",\"width\":1000,\"height\":1000,\"caption\":\"Visual Ear Tag\"},{\"@type\":\"BreadcrumbList\",\"@id\":\"https:\\\/\\\/hirancher.com\\\/shop\\\/vt-xl-rs\\\/#breadcrumb\",\"itemListElement\":[{\"@type\":\"ListItem\",\"position\":1,\"name\":\"\u9996\u9875\",\"item\":\"https:\\\/\\\/hirancher.com\\\/\"},{\"@type\":\"ListItem\",\"position\":2,\"name\":\"Shop\",\"item\":\"https:\\\/\\\/hirancher.com\\\/shop\\\/\"},{\"@type\":\"ListItem\",\"position\":3,\"name\":\"VT-XL-RS\"}]},{\"@type\":\"WebSite\",\"@id\":\"https:\\\/\\\/hirancher.com\\\/#website\",\"url\":\"https:\\\/\\\/hirancher.com\\\/\",\"name\":\"Hirancher\",\"description\":\"Smart Livestock Management System\",\"publisher\":{\"@id\":\"https:\\\/\\\/hirancher.com\\\/#organization\"},\"potentialAction\":[{\"@type\":\"SearchAction\",\"target\":{\"@type\":\"EntryPoint\",\"urlTemplate\":\"https:\\\/\\\/hirancher.com\\\/?s={search_term_string}\"},\"query-input\":{\"@type\":\"PropertyValueSpecification\",\"valueRequired\":true,\"valueName\":\"search_term_string\"}}],\"inLanguage\":\"es\"},{\"@type\":\"Organization\",\"@id\":\"https:\\\/\\\/hirancher.com\\\/#organization\",\"name\":\"Hirancher\",\"url\":\"https:\\\/\\\/hirancher.com\\\/\",\"logo\":{\"@type\":\"ImageObject\",\"inLanguage\":\"es\",\"@id\":\"https:\\\/\\\/hirancher.com\\\/#\\\/schema\\\/logo\\\/image\\\/\",\"url\":\"https:\\\/\\\/hirancher.com\\\/wp-content\\\/uploads\\\/2025\\\/06\\\/\u5fae\u4fe1\u56fe\u7247_20250617164751.png\",\"contentUrl\":\"https:\\\/\\\/hirancher.com\\\/wp-content\\\/uploads\\\/2025\\\/06\\\/\u5fae\u4fe1\u56fe\u7247_20250617164751.png\",\"width\":853,\"height\":132,\"caption\":\"Hirancher\"},\"image\":{\"@id\":\"https:\\\/\\\/hirancher.com\\\/#\\\/schema\\\/logo\\\/image\\\/\"},\"sameAs\":[\"https:\\\/\\\/www.facebook.com\\\/Hirancher\",\"https:\\\/\\\/www.youtube.com\\\/@hirancher\",\"https:\\\/\\\/www.linkedin.com\\\/company\\\/hirancher\\\/\"]}]}<\/script>\n<!-- \/ Yoast SEO plugin. -->","yoast_head_json":{"title":"Large Cattle Ear Tags | High-Visibility Livestock Identification - Hirancher","description":"VT-XL-RS large cattle ear tags provide secure lock and low detachment rate for long-term animal identification.Request your free quote now.","robots":{"index":"index","follow":"follow","max-snippet":"max-snippet:-1","max-image-preview":"max-image-preview:large","max-video-preview":"max-video-preview:-1"},"canonical":"https:\/\/hirancher.com\/es\/shop\/vt-xl-rs\/","og_locale":"es_ES","og_type":"article","og_title":"Large Cattle Ear Tags | High-Visibility Livestock Identification - Hirancher","og_description":"VT-XL-RS large cattle ear tags provide secure lock and low detachment rate for long-term animal identification.Request your free quote now.","og_url":"https:\/\/hirancher.com\/es\/shop\/vt-xl-rs\/","og_site_name":"Hirancher","article_publisher":"https:\/\/www.facebook.com\/Hirancher","article_modified_time":"2026-01-30T07:29:16+00:00","og_image":[{"width":1000,"height":1000,"url":"https:\/\/hirancher.com\/wp-content\/uploads\/2025\/08\/Round-Male-Tag-Female-Tag.png","type":"image\/png"}],"twitter_card":"summary_large_image","twitter_misc":{"Tiempo de lectura":"2 minutos"},"schema":{"@context":"https:\/\/schema.org","@graph":[{"@type":"WebPage","@id":"https:\/\/hirancher.com\/shop\/vt-xl-rs\/","url":"https:\/\/hirancher.com\/shop\/vt-xl-rs\/","name":"Large Cattle Ear Tags | High-Visibility Livestock Identification - Hirancher","isPartOf":{"@id":"https:\/\/hirancher.com\/#website"},"primaryImageOfPage":{"@id":"https:\/\/hirancher.com\/shop\/vt-xl-rs\/#primaryimage"},"image":{"@id":"https:\/\/hirancher.com\/shop\/vt-xl-rs\/#primaryimage"},"thumbnailUrl":"https:\/\/hirancher.com\/wp-content\/uploads\/2025\/08\/Round-Male-Tag-Female-Tag.png","datePublished":"2025-08-05T02:40:07+00:00","dateModified":"2026-01-30T07:29:16+00:00","description":"VT-XL-RS large cattle ear tags provide secure lock and low detachment rate for long-term animal identification.Request your free quote now.","breadcrumb":{"@id":"https:\/\/hirancher.com\/shop\/vt-xl-rs\/#breadcrumb"},"inLanguage":"es","potentialAction":[{"@type":"ReadAction","target":["https:\/\/hirancher.com\/shop\/vt-xl-rs\/"]}]},{"@type":"ImageObject","inLanguage":"es","@id":"https:\/\/hirancher.com\/shop\/vt-xl-rs\/#primaryimage","url":"https:\/\/hirancher.com\/wp-content\/uploads\/2025\/08\/Round-Male-Tag-Female-Tag.png","contentUrl":"https:\/\/hirancher.com\/wp-content\/uploads\/2025\/08\/Round-Male-Tag-Female-Tag.png","width":1000,"height":1000,"caption":"Visual Ear Tag"},{"@type":"BreadcrumbList","@id":"https:\/\/hirancher.com\/shop\/vt-xl-rs\/#breadcrumb","itemListElement":[{"@type":"ListItem","position":1,"name":"\u9996\u9875","item":"https:\/\/hirancher.com\/"},{"@type":"ListItem","position":2,"name":"Shop","item":"https:\/\/hirancher.com\/shop\/"},{"@type":"ListItem","position":3,"name":"VT-XL-RS"}]},{"@type":"WebSite","@id":"https:\/\/hirancher.com\/#website","url":"https:\/\/hirancher.com\/","name":"Hirancher","description":"Smart Livestock Management System","publisher":{"@id":"https:\/\/hirancher.com\/#organization"},"potentialAction":[{"@type":"SearchAction","target":{"@type":"EntryPoint","urlTemplate":"https:\/\/hirancher.com\/?s={search_term_string}"},"query-input":{"@type":"PropertyValueSpecification","valueRequired":true,"valueName":"search_term_string"}}],"inLanguage":"es"},{"@type":"Organization","@id":"https:\/\/hirancher.com\/#organization","name":"Hirancher","url":"https:\/\/hirancher.com\/","logo":{"@type":"ImageObject","inLanguage":"es","@id":"https:\/\/hirancher.com\/#\/schema\/logo\/image\/","url":"https:\/\/hirancher.com\/wp-content\/uploads\/2025\/06\/\u5fae\u4fe1\u56fe\u7247_20250617164751.png","contentUrl":"https:\/\/hirancher.com\/wp-content\/uploads\/2025\/06\/\u5fae\u4fe1\u56fe\u7247_20250617164751.png","width":853,"height":132,"caption":"Hirancher"},"image":{"@id":"https:\/\/hirancher.com\/#\/schema\/logo\/image\/"},"sameAs":["https:\/\/www.facebook.com\/Hirancher","https:\/\/www.youtube.com\/@hirancher","https:\/\/www.linkedin.com\/company\/hirancher\/"]}]}},"_links":{"self":[{"href":"https:\/\/hirancher.com\/es\/wp-json\/wp\/v2\/product\/5297","targetHints":{"allow":["GET"]}}],"collection":[{"href":"https:\/\/hirancher.com\/es\/wp-json\/wp\/v2\/product"}],"about":[{"href":"https:\/\/hirancher.com\/es\/wp-json\/wp\/v2\/types\/product"}],"replies":[{"embeddable":true,"href":"https:\/\/hirancher.com\/es\/wp-json\/wp\/v2\/comments?post=5297"}],"wp:featuredmedia":[{"embeddable":true,"href":"https:\/\/hirancher.com\/es\/wp-json\/wp\/v2\/media\/5301"}],"wp:attachment":[{"href":"https:\/\/hirancher.com\/es\/wp-json\/wp\/v2\/media?parent=5297"}],"wp:term":[{"taxonomy":"product_brand","embeddable":true,"href":"https:\/\/hirancher.com\/es\/wp-json\/wp\/v2\/product_brand?post=5297"},{"taxonomy":"product_cat","embeddable":true,"href":"https:\/\/hirancher.com\/es\/wp-json\/wp\/v2\/product_cat?post=5297"},{"taxonomy":"product_tag","embeddable":true,"href":"https:\/\/hirancher.com\/es\/wp-json\/wp\/v2\/product_tag?post=5297"}],"curies":[{"name":"wp","href":"https:\/\/api.w.org\/{rel}","templated":true}]}}