{"id":5291,"date":"2025-08-05T02:17:36","date_gmt":"2025-08-05T02:17:36","guid":{"rendered":"https:\/\/hirancher.com\/?post_type=product&#038;p=5291"},"modified":"2026-01-30T07:16:38","modified_gmt":"2026-01-30T07:16:38","slug":"eid-tag","status":"publish","type":"product","link":"https:\/\/hirancher.com\/es\/shop\/eid-tag\/","title":{"rendered":"D\u00eda del EID"},"content":{"rendered":"<p>Dise\u00f1ada para la identificaci\u00f3n y el rastreo del ganado, la etiqueta auricular EID es compatible con los protocolos FDX y HDX a 134,2 kHz. Cuenta con un dise\u00f1o de cierre herm\u00e9tico para garantizar la seguridad a largo plazo y un mecanismo giratorio de 360\u00b0 para mejorar la comodidad y la recuperaci\u00f3n de los animales.<\/p>\n<p data-start=\"392\" data-end=\"779\">As a professional <strong data-start=\"410\" data-end=\"434\">ear tag manufacturer<\/strong>, HiRancher supplies durable and reliable <strong data-start=\"476\" data-end=\"492\">EID ear tags<\/strong> designed for electronic livestock identification and long-term animal traceability.<br data-start=\"576\" data-end=\"579\" \/>These RFID ear tags are widely used in cattle farms, sheep operations, feedlots, and livestock management systems where accurate identification, data recording, and regulatory compliance are required.<\/p>\n<p data-start=\"781\" data-end=\"912\">Our EID ear tags are developed to integrate seamlessly with handheld EID readers, weighing indicators, and farm management systems.<\/p>\n<h4>Caracter\u00edsticas<\/h4>\n<ul>\n<li>Compatible con FDX y HDX<\/li>\n<\/ul>\n<p>Totalmente compatible con los est\u00e1ndares ISO 11784\/11785, compatible con los protocolos RFID de baja frecuencia FDX y HDX.<\/p>\n<ul>\n<li>Dise\u00f1o de rotaci\u00f3n de 360\u00b0<\/li>\n<\/ul>\n<p>Permite que las etiquetas se muevan libremente, reduciendo as\u00ed la presi\u00f3n del tejido y promoviendo una curaci\u00f3n m\u00e1s r\u00e1pida.<\/p>\n<ul>\n<li>Dise\u00f1o cerrado antimanipulaci\u00f3n<\/li>\n<\/ul>\n<p>El mecanismo de bloqueo seguro evita la extracci\u00f3n o manipulaci\u00f3n de la etiqueta.<\/p>\n<ul>\n<li>Ligero y duradero<\/li>\n<\/ul>\n<p>Fabricado en TPU y moldeado por inyecci\u00f3n para soportar el uso diario sin causar molestias.<\/p>\n<ul>\n<li>Alta fuerza de tracci\u00f3n<\/li>\n<\/ul>\n<p>Soporta una tensi\u00f3n de hasta 280 N; tasa de p\u00e9rdida de etiqueta \u22642 %.<\/p>\n<ul>\n<li>Apto para una variedad de ganado.<\/li>\n<\/ul>\n<p>Apto para ganado, ovejas y cerdos en diversos entornos agr\u00edcolas.<\/p>\n<ul>\n<li>Colores personalizables<\/li>\n<\/ul>\n<p>M\u00faltiples opciones de color para una clasificaci\u00f3n m\u00e1s eficiente del reba\u00f1o y una gesti\u00f3n visual.<\/p>\n<h4>Aplicaciones<\/h4>\n<ul>\n<li>Cr\u00eda y seguimiento de ganado<\/li>\n<li>Granjas de ovejas y cabras<\/li>\n<li>Monitoreo de la producci\u00f3n y el peso de los cerdos<\/li>\n<li>Recopilaci\u00f3n de datos veterinarios y sanitarios<\/li>\n<li>Sistema de trazabilidad desde la granja hasta el matadero<\/li>\n<li>Plataforma de gesti\u00f3n inteligente de explotaciones agr\u00edcolas basada en identificaci\u00f3n electr\u00f3nica (EID)<\/li>\n<\/ul>\n<h3 data-start=\"2718\" data-end=\"2770\">Integration with Livestock Weighing &amp; EID Systems<\/h3>\n<p data-start=\"2772\" data-end=\"2900\">HiRancher EID ear tags are designed to work as part of a <strong data-start=\"2829\" data-end=\"2888\">complete livestock identification and weighing solution<\/strong>, including:<\/p>\n<ul>\n<li data-start=\"2904\" data-end=\"2936\"><a href=\"\/es\/shop\/hitag\/\">Handheld livestock EID readers<\/a><\/li>\n<li data-start=\"2939\" data-end=\"2988\"><a href=\"\/es\/shop\/fox-pro\/\">Livestock weighing indicators with EID function<\/a><\/li>\n<li data-start=\"2991\" data-end=\"3024\"><a href=\"\/es\/alleyway-scale\/\">Alleyway scales<\/a> y <a href=\"\/es\/load-bars\/\">weigh beams<\/a><\/li>\n<\/ul>\n<p data-start=\"3072\" data-end=\"3203\">This integration allows <strong data-start=\"3096\" data-end=\"3150\">automatic association of animal ID and weight data<\/strong>, reducing manual errors and improving data accuracy.<\/p>\n<h3 data-start=\"3210\" data-end=\"3244\">Designed for Long-Term Farm Use<\/h3>\n<p data-start=\"3246\" data-end=\"3338\">EID ear tags must remain readable throughout the animal\u2019s lifecycle.<br data-start=\"3314\" data-end=\"3317\" \/>HiRancher focuses on:<\/p>\n<ul>\n<li data-start=\"3342\" data-end=\"3377\">Stable RFID performance over time<\/li>\n<li data-start=\"3380\" data-end=\"3418\">Secure attachment for livestock ears<\/li>\n<li data-start=\"3421\" data-end=\"3459\">Resistance to environmental exposure<\/li>\n<li data-start=\"3462\" data-end=\"3508\">Practical design for farm-level installation<\/li>\n<\/ul>\n<p data-start=\"3510\" data-end=\"3616\">These features make the tags suitable for <strong data-start=\"3552\" data-end=\"3590\">long-term livestock identification<\/strong>, not short-term labeling.<\/p>\n<h3 data-start=\"3623\" data-end=\"3659\">Manufacturing &amp; Supply Capability<\/h3>\n<p data-start=\"3661\" data-end=\"3729\">As an experienced <strong data-start=\"3679\" data-end=\"3708\">EID ear tags manufacturer<\/strong>, HiRancher supports:<\/p>\n<ul>\n<li data-start=\"3733\" data-end=\"3784\">Consistent quality control for large-scale supply<\/li>\n<li data-start=\"3787\" data-end=\"3839\">Stable production for long-term livestock projects<\/li>\n<\/ul>\n<p data-start=\"3947\" data-end=\"4063\">Customization options may include tag size, structure, and identification format, depending on project requirements.<\/p>\n<h3 data-start=\"4070\" data-end=\"4107\">Why Choose HiRancher EID Ear Tags?<\/h3>\n<ul>\n<li data-start=\"4111\" data-end=\"4139\">Manufacturer-direct supply<\/li>\n<li data-start=\"4142\" data-end=\"4194\">Designed specifically for livestock identification<\/li>\n<li data-start=\"4197\" data-end=\"4247\">Compatible with weighing and EID reading systems<\/li>\n<li data-start=\"4250\" data-end=\"4302\">Suitable for cattle, sheep, and other farm animals<\/li>\n<li data-start=\"4305\" data-end=\"4355\">Proven use in farm and traceability applications<\/li>\n<\/ul>\n<p data-start=\"4357\" data-end=\"4462\">Our focus is on <strong data-start=\"4373\" data-end=\"4423\">practical performance and system compatibility<\/strong>, not consumer-grade tagging solutions.<\/p>\n<h3 data-start=\"4469\" data-end=\"4509\">Request Technical Details &amp; Quotation<\/h3>\n<p data-start=\"4511\" data-end=\"4625\">Choosing the right EID ear tags depends on livestock type, identification standards, and system integration needs.<\/p>\n<p data-start=\"4627\" data-end=\"4761\">\ud83d\udc49 <strong data-start=\"4630\" data-end=\"4664\">Request Product Specifications<\/strong><br data-start=\"4709\" data-end=\"4712\" \/>\ud83d\udc49 <strong data-start=\"4715\" data-end=\"4761\">Discuss Compatibility with Your EID System<\/strong><\/p>\n<div style=\"margin-top: 16px;\"><a class=\"get_quote\" style=\"background: #10416C; color: #ffffff; padding: 10px 20px; margin-left: 8px;\" href=\"https:\/\/hirancher.com\/es\/contact-us\/\">CONTACT US<\/a><\/div>\n<h4>Preguntas frecuentes<\/h4>\n<ul>\n<li>\u00bfEsta etiqueta EID es compatible con todos los lectores EID?<\/li>\n<\/ul>\n<p>S\u00ed. Admite los protocolos FDX y HDX (ISO 11784\/11785), lo que lo hace compatible con la mayor\u00eda de los lectores LF EID del mercado.<\/p>\n<ul>\n<li>\u00bfLa etiqueta EID interfiere con otras se\u00f1ales o dispositivos de radio?<\/li>\n<\/ul>\n<p>No. Funciona en una frecuencia est\u00e1ndar de 134,2 kHz y no interferir\u00e1 con otros sistemas inal\u00e1mbricos comunes.<\/p>","protected":false},"excerpt":{"rendered":"<ul>\n<li>Material: TPU<\/li>\n<li>Soporta hasta 280 N de tensi\u00f3n.<\/li>\n<li>Tasa de p\u00e9rdida de etiquetas \u22642%<\/li>\n<\/ul>","protected":false},"featured_media":5292,"comment_status":"open","ping_status":"closed","template":"","meta":{"product_extra_description":"<ul>\r\n \t<li>FDX &amp; HDX Compatible<\/li>\r\n \t<li>360\u00b0 Rotation Design<\/li>\r\n \t<li>Anti-Tamper Closed Design<\/li>\r\n \t<li>Lightweight and Durable<\/li>\r\n \t<li>Suitable for a variety of livestock<\/li>\r\n \t<li>Customizable Colors<\/li>\r\n<\/ul>","product_overview":"<ul>\r\n \t<li>Material\uff1aTPU<\/li>\r\n \t<li>Withstands up to 280N tension<\/li>\r\n \t<li>Tag loss rate \u22642%<\/li>\r\n<\/ul>","product_attachment":"Catalog\r\n\r\nManual","product_suitable_for":"Cattle, sheep, pigs...","product_review":""},"product_brand":[],"product_cat":[306],"product_tag":[],"class_list":{"0":"post-5291","1":"product","2":"type-product","3":"status-publish","4":"has-post-thumbnail","6":"product_cat-ear-tag","8":"first","9":"instock","10":"shipping-taxable","11":"product-type-simple"},"yoast_head":"<!-- This site is optimized with the Yoast SEO plugin v27.3 - https:\/\/yoast.com\/product\/yoast-seo-wordpress\/ -->\n<title>EID Ear Tags | Smart Livestock Identification Tags - Hirancher<\/title>\n<meta name=\"description\" content=\"EID ear tags improve animal tracking accuracy with RFID.Durable 134.2kHz for cattle, sheep &amp; pigs. FDX\/HDX compatible, tamper-proof, customizable colors, TPU material with 280N pull strength.Order now or request more details.\" \/>\n<meta name=\"robots\" content=\"index, follow, max-snippet:-1, max-image-preview:large, max-video-preview:-1\" \/>\n<link rel=\"canonical\" href=\"https:\/\/hirancher.com\/es\/shop\/eid-tag\/\" \/>\n<meta property=\"og:locale\" content=\"es_ES\" \/>\n<meta property=\"og:type\" content=\"article\" \/>\n<meta property=\"og:title\" content=\"EID Ear Tags | Smart Livestock Identification Tags - Hirancher\" \/>\n<meta property=\"og:description\" content=\"EID ear tags improve animal tracking accuracy with RFID.Durable 134.2kHz for cattle, sheep &amp; pigs. FDX\/HDX compatible, tamper-proof, customizable colors, TPU material with 280N pull strength.Order now or request more details.\" \/>\n<meta property=\"og:url\" content=\"https:\/\/hirancher.com\/es\/shop\/eid-tag\/\" \/>\n<meta property=\"og:site_name\" content=\"Hirancher\" \/>\n<meta property=\"article:publisher\" content=\"https:\/\/www.facebook.com\/Hirancher\" \/>\n<meta property=\"article:modified_time\" content=\"2026-01-30T07:16:38+00:00\" \/>\n<meta property=\"og:image\" content=\"https:\/\/hirancher.com\/wp-content\/uploads\/2025\/08\/EID-TAG-1.png\" \/>\n\t<meta property=\"og:image:width\" content=\"1000\" \/>\n\t<meta property=\"og:image:height\" content=\"1000\" \/>\n\t<meta property=\"og:image:type\" content=\"image\/png\" \/>\n<meta name=\"twitter:card\" content=\"summary_large_image\" \/>\n<meta name=\"twitter:label1\" content=\"Tiempo de lectura\" \/>\n\t<meta name=\"twitter:data1\" content=\"3 minutos\" \/>\n<script type=\"application\/ld+json\" class=\"yoast-schema-graph\">{\"@context\":\"https:\\\/\\\/schema.org\",\"@graph\":[{\"@type\":\"WebPage\",\"@id\":\"https:\\\/\\\/hirancher.com\\\/shop\\\/eid-tag\\\/\",\"url\":\"https:\\\/\\\/hirancher.com\\\/shop\\\/eid-tag\\\/\",\"name\":\"EID Ear Tags | Smart Livestock Identification Tags - Hirancher\",\"isPartOf\":{\"@id\":\"https:\\\/\\\/hirancher.com\\\/#website\"},\"primaryImageOfPage\":{\"@id\":\"https:\\\/\\\/hirancher.com\\\/shop\\\/eid-tag\\\/#primaryimage\"},\"image\":{\"@id\":\"https:\\\/\\\/hirancher.com\\\/shop\\\/eid-tag\\\/#primaryimage\"},\"thumbnailUrl\":\"https:\\\/\\\/hirancher.com\\\/wp-content\\\/uploads\\\/2025\\\/08\\\/EID-TAG-1.png\",\"datePublished\":\"2025-08-05T02:17:36+00:00\",\"dateModified\":\"2026-01-30T07:16:38+00:00\",\"description\":\"EID ear tags improve animal tracking accuracy with RFID.Durable 134.2kHz for cattle, sheep & pigs. FDX\\\/HDX compatible, tamper-proof, customizable colors, TPU material with 280N pull strength.Order now or request more details.\",\"breadcrumb\":{\"@id\":\"https:\\\/\\\/hirancher.com\\\/shop\\\/eid-tag\\\/#breadcrumb\"},\"inLanguage\":\"es\",\"potentialAction\":[{\"@type\":\"ReadAction\",\"target\":[\"https:\\\/\\\/hirancher.com\\\/shop\\\/eid-tag\\\/\"]}]},{\"@type\":\"ImageObject\",\"inLanguage\":\"es\",\"@id\":\"https:\\\/\\\/hirancher.com\\\/shop\\\/eid-tag\\\/#primaryimage\",\"url\":\"https:\\\/\\\/hirancher.com\\\/wp-content\\\/uploads\\\/2025\\\/08\\\/EID-TAG-1.png\",\"contentUrl\":\"https:\\\/\\\/hirancher.com\\\/wp-content\\\/uploads\\\/2025\\\/08\\\/EID-TAG-1.png\",\"width\":1000,\"height\":1000,\"caption\":\"eid ear tag\"},{\"@type\":\"BreadcrumbList\",\"@id\":\"https:\\\/\\\/hirancher.com\\\/shop\\\/eid-tag\\\/#breadcrumb\",\"itemListElement\":[{\"@type\":\"ListItem\",\"position\":1,\"name\":\"\u9996\u9875\",\"item\":\"https:\\\/\\\/hirancher.com\\\/\"},{\"@type\":\"ListItem\",\"position\":2,\"name\":\"Shop\",\"item\":\"https:\\\/\\\/hirancher.com\\\/shop\\\/\"},{\"@type\":\"ListItem\",\"position\":3,\"name\":\"EID Tag\"}]},{\"@type\":\"WebSite\",\"@id\":\"https:\\\/\\\/hirancher.com\\\/#website\",\"url\":\"https:\\\/\\\/hirancher.com\\\/\",\"name\":\"Hirancher\",\"description\":\"Smart Livestock Management System\",\"publisher\":{\"@id\":\"https:\\\/\\\/hirancher.com\\\/#organization\"},\"potentialAction\":[{\"@type\":\"SearchAction\",\"target\":{\"@type\":\"EntryPoint\",\"urlTemplate\":\"https:\\\/\\\/hirancher.com\\\/?s={search_term_string}\"},\"query-input\":{\"@type\":\"PropertyValueSpecification\",\"valueRequired\":true,\"valueName\":\"search_term_string\"}}],\"inLanguage\":\"es\"},{\"@type\":\"Organization\",\"@id\":\"https:\\\/\\\/hirancher.com\\\/#organization\",\"name\":\"Hirancher\",\"url\":\"https:\\\/\\\/hirancher.com\\\/\",\"logo\":{\"@type\":\"ImageObject\",\"inLanguage\":\"es\",\"@id\":\"https:\\\/\\\/hirancher.com\\\/#\\\/schema\\\/logo\\\/image\\\/\",\"url\":\"https:\\\/\\\/hirancher.com\\\/wp-content\\\/uploads\\\/2025\\\/06\\\/\u5fae\u4fe1\u56fe\u7247_20250617164751.png\",\"contentUrl\":\"https:\\\/\\\/hirancher.com\\\/wp-content\\\/uploads\\\/2025\\\/06\\\/\u5fae\u4fe1\u56fe\u7247_20250617164751.png\",\"width\":853,\"height\":132,\"caption\":\"Hirancher\"},\"image\":{\"@id\":\"https:\\\/\\\/hirancher.com\\\/#\\\/schema\\\/logo\\\/image\\\/\"},\"sameAs\":[\"https:\\\/\\\/www.facebook.com\\\/Hirancher\",\"https:\\\/\\\/www.youtube.com\\\/@hirancher\",\"https:\\\/\\\/www.linkedin.com\\\/company\\\/hirancher\\\/\"]}]}<\/script>\n<!-- \/ Yoast SEO plugin. -->","yoast_head_json":{"title":"EID Ear Tags | Smart Livestock Identification Tags - Hirancher","description":"EID ear tags improve animal tracking accuracy with RFID.Durable 134.2kHz for cattle, sheep & pigs. FDX\/HDX compatible, tamper-proof, customizable colors, TPU material with 280N pull strength.Order now or request more details.","robots":{"index":"index","follow":"follow","max-snippet":"max-snippet:-1","max-image-preview":"max-image-preview:large","max-video-preview":"max-video-preview:-1"},"canonical":"https:\/\/hirancher.com\/es\/shop\/eid-tag\/","og_locale":"es_ES","og_type":"article","og_title":"EID Ear Tags | Smart Livestock Identification Tags - Hirancher","og_description":"EID ear tags improve animal tracking accuracy with RFID.Durable 134.2kHz for cattle, sheep & pigs. FDX\/HDX compatible, tamper-proof, customizable colors, TPU material with 280N pull strength.Order now or request more details.","og_url":"https:\/\/hirancher.com\/es\/shop\/eid-tag\/","og_site_name":"Hirancher","article_publisher":"https:\/\/www.facebook.com\/Hirancher","article_modified_time":"2026-01-30T07:16:38+00:00","og_image":[{"width":1000,"height":1000,"url":"https:\/\/hirancher.com\/wp-content\/uploads\/2025\/08\/EID-TAG-1.png","type":"image\/png"}],"twitter_card":"summary_large_image","twitter_misc":{"Tiempo de lectura":"3 minutos"},"schema":{"@context":"https:\/\/schema.org","@graph":[{"@type":"WebPage","@id":"https:\/\/hirancher.com\/shop\/eid-tag\/","url":"https:\/\/hirancher.com\/shop\/eid-tag\/","name":"EID Ear Tags | Smart Livestock Identification Tags - Hirancher","isPartOf":{"@id":"https:\/\/hirancher.com\/#website"},"primaryImageOfPage":{"@id":"https:\/\/hirancher.com\/shop\/eid-tag\/#primaryimage"},"image":{"@id":"https:\/\/hirancher.com\/shop\/eid-tag\/#primaryimage"},"thumbnailUrl":"https:\/\/hirancher.com\/wp-content\/uploads\/2025\/08\/EID-TAG-1.png","datePublished":"2025-08-05T02:17:36+00:00","dateModified":"2026-01-30T07:16:38+00:00","description":"EID ear tags improve animal tracking accuracy with RFID.Durable 134.2kHz for cattle, sheep & pigs. FDX\/HDX compatible, tamper-proof, customizable colors, TPU material with 280N pull strength.Order now or request more details.","breadcrumb":{"@id":"https:\/\/hirancher.com\/shop\/eid-tag\/#breadcrumb"},"inLanguage":"es","potentialAction":[{"@type":"ReadAction","target":["https:\/\/hirancher.com\/shop\/eid-tag\/"]}]},{"@type":"ImageObject","inLanguage":"es","@id":"https:\/\/hirancher.com\/shop\/eid-tag\/#primaryimage","url":"https:\/\/hirancher.com\/wp-content\/uploads\/2025\/08\/EID-TAG-1.png","contentUrl":"https:\/\/hirancher.com\/wp-content\/uploads\/2025\/08\/EID-TAG-1.png","width":1000,"height":1000,"caption":"eid ear tag"},{"@type":"BreadcrumbList","@id":"https:\/\/hirancher.com\/shop\/eid-tag\/#breadcrumb","itemListElement":[{"@type":"ListItem","position":1,"name":"\u9996\u9875","item":"https:\/\/hirancher.com\/"},{"@type":"ListItem","position":2,"name":"Shop","item":"https:\/\/hirancher.com\/shop\/"},{"@type":"ListItem","position":3,"name":"EID Tag"}]},{"@type":"WebSite","@id":"https:\/\/hirancher.com\/#website","url":"https:\/\/hirancher.com\/","name":"Hirancher","description":"Smart Livestock Management System","publisher":{"@id":"https:\/\/hirancher.com\/#organization"},"potentialAction":[{"@type":"SearchAction","target":{"@type":"EntryPoint","urlTemplate":"https:\/\/hirancher.com\/?s={search_term_string}"},"query-input":{"@type":"PropertyValueSpecification","valueRequired":true,"valueName":"search_term_string"}}],"inLanguage":"es"},{"@type":"Organization","@id":"https:\/\/hirancher.com\/#organization","name":"Hirancher","url":"https:\/\/hirancher.com\/","logo":{"@type":"ImageObject","inLanguage":"es","@id":"https:\/\/hirancher.com\/#\/schema\/logo\/image\/","url":"https:\/\/hirancher.com\/wp-content\/uploads\/2025\/06\/\u5fae\u4fe1\u56fe\u7247_20250617164751.png","contentUrl":"https:\/\/hirancher.com\/wp-content\/uploads\/2025\/06\/\u5fae\u4fe1\u56fe\u7247_20250617164751.png","width":853,"height":132,"caption":"Hirancher"},"image":{"@id":"https:\/\/hirancher.com\/#\/schema\/logo\/image\/"},"sameAs":["https:\/\/www.facebook.com\/Hirancher","https:\/\/www.youtube.com\/@hirancher","https:\/\/www.linkedin.com\/company\/hirancher\/"]}]}},"_links":{"self":[{"href":"https:\/\/hirancher.com\/es\/wp-json\/wp\/v2\/product\/5291","targetHints":{"allow":["GET"]}}],"collection":[{"href":"https:\/\/hirancher.com\/es\/wp-json\/wp\/v2\/product"}],"about":[{"href":"https:\/\/hirancher.com\/es\/wp-json\/wp\/v2\/types\/product"}],"replies":[{"embeddable":true,"href":"https:\/\/hirancher.com\/es\/wp-json\/wp\/v2\/comments?post=5291"}],"wp:featuredmedia":[{"embeddable":true,"href":"https:\/\/hirancher.com\/es\/wp-json\/wp\/v2\/media\/5292"}],"wp:attachment":[{"href":"https:\/\/hirancher.com\/es\/wp-json\/wp\/v2\/media?parent=5291"}],"wp:term":[{"taxonomy":"product_brand","embeddable":true,"href":"https:\/\/hirancher.com\/es\/wp-json\/wp\/v2\/product_brand?post=5291"},{"taxonomy":"product_cat","embeddable":true,"href":"https:\/\/hirancher.com\/es\/wp-json\/wp\/v2\/product_cat?post=5291"},{"taxonomy":"product_tag","embeddable":true,"href":"https:\/\/hirancher.com\/es\/wp-json\/wp\/v2\/product_tag?post=5291"}],"curies":[{"name":"wp","href":"https:\/\/api.w.org\/{rel}","templated":true}]}}